{"id":377,"date":"2020-01-10T01:57:37","date_gmt":"2020-01-09T18:57:37","guid":{"rendered":"http:\/\/nghilocfoods.com\/?post_type=product&#038;p=377"},"modified":"2025-10-15T10:56:03","modified_gmt":"2025-10-15T03:56:03","slug":"muc-den-dong-lanh","status":"publish","type":"product","link":"https:\/\/thinhvuongseafood.com\/en\/san-pham\/frozen-black-squid\/","title":{"rendered":"FROZEN BLACK SQUID"},"content":{"rendered":"","protected":false},"excerpt":{"rendered":"<ul>\n<li><span style=\"font-size: 16px;\">Vietnamese Name:<span class=\"apple-converted-space\"> M\u1ef0C \u0110EN \u0110\u00d4NG L\u1ea0NH<\/span><\/span><\/li>\n<li>FROZEN BLACK SQUID<\/li>\n<li><span style=\"font-size: 16px;\">Latin name:<span class=\"apple-converted-space\"> <em><strong>Sthenoteuthis oualaniensis<\/strong><\/em><\/span><\/span><\/li>\n<li>Style:<span class=\"apple-converted-space\"> Frozen IQF or Block<\/span><\/li>\n<li>Size (pcs\/kg): 70\/150, 150\/200, 200\/300, 300\/500, 500 up<\/li>\n<li>Product by: Thinh Vuong Seafoods<\/li>\n<\/ul>\n","protected":false},"featured_media":391,"template":"","meta":[],"product_cat":[16],"product_tag":[],"yoast_head":"<!-- This site is optimized with the Yoast SEO plugin v22.5 - https:\/\/yoast.com\/wordpress\/plugins\/seo\/ -->\n<title>FROZEN BLACK SQUID - XU\u1ea4T NH\u1eacP KH\u1ea8U AC PH\u00daC L\u1ed8C PH\u00c1T<\/title>\n<meta name=\"robots\" content=\"index, follow, max-snippet:-1, max-image-preview:large, max-video-preview:-1\" \/>\n<link rel=\"canonical\" href=\"https:\/\/thinhvuongseafood.com\/san-pham\/muc-den-dong-lanh\/\" \/>\n<meta property=\"og:locale\" content=\"en_US\" \/>\n<meta property=\"og:type\" content=\"article\" \/>\n<meta property=\"og:title\" content=\"[:vi]M\u1ef0C \u0110EN \u0110\u00d4NG L\u1ea0NH[:en]FROZEN BLACK SQUID[:] - XU\u1ea4T NH\u1eacP KH\u1ea8U AC PH\u00daC L\u1ed8C PH\u00c1T\" \/>\n<meta property=\"og:description\" content=\"[:vi]  Vietnamese Name: M\u1ef0C \u0110EN \u0110\u00d4NG L\u1ea0NH  FROZEN BLACK SQUID  Latin name: Sthenoteuthis oualaniensis  Style: Frozen IQF or Block  Size (pcs\/kg): 70\/150, 150\/200, 200\/300, 300\/500, 500 up  S\u1ea3n xu\u1ea5t b\u1edfi: Th\u1ecbnh V\u01b0\u1ee3ng Seafood [:en]  Vietnamese Name: M\u1ef0C \u0110EN \u0110\u00d4NG L\u1ea0NH  FROZEN BLACK SQUID  Latin name: Sthenoteuthis oualaniensis  Style: Frozen IQF or Block  Size (pcs\/kg): 70\/150, 150\/200, 200\/300, 300\/500, 500 up  Product by: Thinh Vuong Seafoods [:]\" \/>\n<meta property=\"og:url\" content=\"https:\/\/thinhvuongseafood.com\/san-pham\/muc-den-dong-lanh\/\" \/>\n<meta property=\"og:site_name\" content=\"XU\u1ea4T NH\u1eacP KH\u1ea8U AC PH\u00daC L\u1ed8C PH\u00c1T\" \/>\n<meta property=\"article:modified_time\" content=\"2025-10-15T03:56:03+00:00\" \/>\n<meta property=\"og:image\" content=\"https:\/\/thinhvuongseafood.com\/wp-content\/uploads\/2020\/01\/slide-07.-1489633262.jpg\" \/>\n\t<meta property=\"og:image:width\" content=\"1280\" \/>\n\t<meta property=\"og:image:height\" content=\"960\" \/>\n\t<meta property=\"og:image:type\" content=\"image\/jpeg\" \/>\n<meta name=\"twitter:card\" content=\"summary_large_image\" \/>\n<meta name=\"twitter:label1\" content=\"Est. reading time\" \/>\n\t<meta name=\"twitter:data1\" content=\"1 minute\" \/>\n<script type=\"application\/ld+json\" class=\"yoast-schema-graph\">{\"@context\":\"https:\/\/schema.org\",\"@graph\":[{\"@type\":\"WebPage\",\"@id\":\"https:\/\/thinhvuongseafood.com\/san-pham\/muc-den-dong-lanh\/\",\"url\":\"https:\/\/thinhvuongseafood.com\/san-pham\/muc-den-dong-lanh\/\",\"name\":\"[:vi]M\u1ef0C \u0110EN \u0110\u00d4NG L\u1ea0NH[:en]FROZEN BLACK SQUID[:] - XU\u1ea4T NH\u1eacP KH\u1ea8U AC PH\u00daC L\u1ed8C PH\u00c1T\",\"isPartOf\":{\"@id\":\"https:\/\/thinhvuongseafood.com\/en\/#website\"},\"primaryImageOfPage\":{\"@id\":\"https:\/\/thinhvuongseafood.com\/san-pham\/muc-den-dong-lanh\/#primaryimage\"},\"image\":{\"@id\":\"https:\/\/thinhvuongseafood.com\/san-pham\/muc-den-dong-lanh\/#primaryimage\"},\"thumbnailUrl\":\"https:\/\/thinhvuongseafood.com\/wp-content\/uploads\/2020\/01\/slide-07.-1489633262.jpg\",\"datePublished\":\"2020-01-09T18:57:37+00:00\",\"dateModified\":\"2025-10-15T03:56:03+00:00\",\"breadcrumb\":{\"@id\":\"https:\/\/thinhvuongseafood.com\/san-pham\/muc-den-dong-lanh\/#breadcrumb\"},\"inLanguage\":\"en-US\",\"potentialAction\":[{\"@type\":\"ReadAction\",\"target\":[\"https:\/\/thinhvuongseafood.com\/san-pham\/muc-den-dong-lanh\/\"]}]},{\"@type\":\"ImageObject\",\"inLanguage\":\"en-US\",\"@id\":\"https:\/\/thinhvuongseafood.com\/san-pham\/muc-den-dong-lanh\/#primaryimage\",\"url\":\"https:\/\/thinhvuongseafood.com\/wp-content\/uploads\/2020\/01\/slide-07.-1489633262.jpg\",\"contentUrl\":\"https:\/\/thinhvuongseafood.com\/wp-content\/uploads\/2020\/01\/slide-07.-1489633262.jpg\",\"width\":1280,\"height\":960,\"caption\":\"Slide 07. 1489633262\"},{\"@type\":\"BreadcrumbList\",\"@id\":\"https:\/\/thinhvuongseafood.com\/san-pham\/muc-den-dong-lanh\/#breadcrumb\",\"itemListElement\":[{\"@type\":\"ListItem\",\"position\":1,\"name\":\"Trang ch\u1ee7\",\"item\":\"https:\/\/thinhvuongseafood.com\/en\/\"},{\"@type\":\"ListItem\",\"position\":2,\"name\":\"Store\",\"item\":\"https:\/\/thinhvuongseafood.com\/en\/cua-hang\/\"},{\"@type\":\"ListItem\",\"position\":3,\"name\":\"M\u1ef0C \u0110EN \u0110\u00d4NG L\u1ea0NH\"}]},{\"@type\":\"WebSite\",\"@id\":\"https:\/\/thinhvuongseafood.com\/en\/#website\",\"url\":\"https:\/\/thinhvuongseafood.com\/en\/\",\"name\":\"XU\u1ea4T NH\u1eacP KH\u1ea8U AC PH\u00daC L\u1ed8C PH\u00c1T\",\"description\":\"\",\"potentialAction\":[{\"@type\":\"SearchAction\",\"target\":{\"@type\":\"EntryPoint\",\"urlTemplate\":\"https:\/\/thinhvuongseafood.com\/en\/?s={search_term_string}\"},\"query-input\":\"required name=search_term_string\"}],\"inLanguage\":\"en-US\"}]}<\/script>\n<!-- \/ Yoast SEO plugin. -->","yoast_head_json":{"title":"[:vi]M\u1ef0C \u0110EN \u0110\u00d4NG L\u1ea0NH[:en]FROZEN BLACK SQUID[:] - XU\u1ea4T NH\u1eacP KH\u1ea8U AC PH\u00daC L\u1ed8C PH\u00c1T","robots":{"index":"index","follow":"follow","max-snippet":"max-snippet:-1","max-image-preview":"max-image-preview:large","max-video-preview":"max-video-preview:-1"},"canonical":"https:\/\/thinhvuongseafood.com\/san-pham\/muc-den-dong-lanh\/","og_locale":"en_US","og_type":"article","og_title":"[:vi]M\u1ef0C \u0110EN \u0110\u00d4NG L\u1ea0NH[:en]FROZEN BLACK SQUID[:] - XU\u1ea4T NH\u1eacP KH\u1ea8U AC PH\u00daC L\u1ed8C PH\u00c1T","og_description":"[:vi]  Vietnamese Name: M\u1ef0C \u0110EN \u0110\u00d4NG L\u1ea0NH  FROZEN BLACK SQUID  Latin name: Sthenoteuthis oualaniensis  Style: Frozen IQF or Block  Size (pcs\/kg): 70\/150, 150\/200, 200\/300, 300\/500, 500 up  S\u1ea3n xu\u1ea5t b\u1edfi: Th\u1ecbnh V\u01b0\u1ee3ng Seafood [:en]  Vietnamese Name: M\u1ef0C \u0110EN \u0110\u00d4NG L\u1ea0NH  FROZEN BLACK SQUID  Latin name: Sthenoteuthis oualaniensis  Style: Frozen IQF or Block  Size (pcs\/kg): 70\/150, 150\/200, 200\/300, 300\/500, 500 up  Product by: Thinh Vuong Seafoods [:]","og_url":"https:\/\/thinhvuongseafood.com\/san-pham\/muc-den-dong-lanh\/","og_site_name":"XU\u1ea4T NH\u1eacP KH\u1ea8U AC PH\u00daC L\u1ed8C PH\u00c1T","article_modified_time":"2025-10-15T03:56:03+00:00","og_image":[{"width":1280,"height":960,"url":"https:\/\/thinhvuongseafood.com\/wp-content\/uploads\/2020\/01\/slide-07.-1489633262.jpg","type":"image\/jpeg"}],"twitter_card":"summary_large_image","twitter_misc":{"Est. reading time":"1 minute"},"schema":{"@context":"https:\/\/schema.org","@graph":[{"@type":"WebPage","@id":"https:\/\/thinhvuongseafood.com\/san-pham\/muc-den-dong-lanh\/","url":"https:\/\/thinhvuongseafood.com\/san-pham\/muc-den-dong-lanh\/","name":"[:vi]M\u1ef0C \u0110EN \u0110\u00d4NG L\u1ea0NH[:en]FROZEN BLACK SQUID[:] - XU\u1ea4T NH\u1eacP KH\u1ea8U AC PH\u00daC L\u1ed8C PH\u00c1T","isPartOf":{"@id":"https:\/\/thinhvuongseafood.com\/en\/#website"},"primaryImageOfPage":{"@id":"https:\/\/thinhvuongseafood.com\/san-pham\/muc-den-dong-lanh\/#primaryimage"},"image":{"@id":"https:\/\/thinhvuongseafood.com\/san-pham\/muc-den-dong-lanh\/#primaryimage"},"thumbnailUrl":"https:\/\/thinhvuongseafood.com\/wp-content\/uploads\/2020\/01\/slide-07.-1489633262.jpg","datePublished":"2020-01-09T18:57:37+00:00","dateModified":"2025-10-15T03:56:03+00:00","breadcrumb":{"@id":"https:\/\/thinhvuongseafood.com\/san-pham\/muc-den-dong-lanh\/#breadcrumb"},"inLanguage":"en-US","potentialAction":[{"@type":"ReadAction","target":["https:\/\/thinhvuongseafood.com\/san-pham\/muc-den-dong-lanh\/"]}]},{"@type":"ImageObject","inLanguage":"en-US","@id":"https:\/\/thinhvuongseafood.com\/san-pham\/muc-den-dong-lanh\/#primaryimage","url":"https:\/\/thinhvuongseafood.com\/wp-content\/uploads\/2020\/01\/slide-07.-1489633262.jpg","contentUrl":"https:\/\/thinhvuongseafood.com\/wp-content\/uploads\/2020\/01\/slide-07.-1489633262.jpg","width":1280,"height":960,"caption":"Slide 07. 1489633262"},{"@type":"BreadcrumbList","@id":"https:\/\/thinhvuongseafood.com\/san-pham\/muc-den-dong-lanh\/#breadcrumb","itemListElement":[{"@type":"ListItem","position":1,"name":"Trang ch\u1ee7","item":"https:\/\/thinhvuongseafood.com\/en\/"},{"@type":"ListItem","position":2,"name":"Store","item":"https:\/\/thinhvuongseafood.com\/en\/cua-hang\/"},{"@type":"ListItem","position":3,"name":"M\u1ef0C \u0110EN \u0110\u00d4NG L\u1ea0NH"}]},{"@type":"WebSite","@id":"https:\/\/thinhvuongseafood.com\/en\/#website","url":"https:\/\/thinhvuongseafood.com\/en\/","name":"XU\u1ea4T NH\u1eacP KH\u1ea8U AC PH\u00daC L\u1ed8C PH\u00c1T","description":"","potentialAction":[{"@type":"SearchAction","target":{"@type":"EntryPoint","urlTemplate":"https:\/\/thinhvuongseafood.com\/en\/?s={search_term_string}"},"query-input":"required name=search_term_string"}],"inLanguage":"en-US"}]}},"_links":{"self":[{"href":"https:\/\/thinhvuongseafood.com\/en\/wp-json\/wp\/v2\/product\/377"}],"collection":[{"href":"https:\/\/thinhvuongseafood.com\/en\/wp-json\/wp\/v2\/product"}],"about":[{"href":"https:\/\/thinhvuongseafood.com\/en\/wp-json\/wp\/v2\/types\/product"}],"wp:featuredmedia":[{"embeddable":true,"href":"https:\/\/thinhvuongseafood.com\/en\/wp-json\/wp\/v2\/media\/391"}],"wp:attachment":[{"href":"https:\/\/thinhvuongseafood.com\/en\/wp-json\/wp\/v2\/media?parent=377"}],"wp:term":[{"taxonomy":"product_cat","embeddable":true,"href":"https:\/\/thinhvuongseafood.com\/en\/wp-json\/wp\/v2\/product_cat?post=377"},{"taxonomy":"product_tag","embeddable":true,"href":"https:\/\/thinhvuongseafood.com\/en\/wp-json\/wp\/v2\/product_tag?post=377"}],"curies":[{"name":"wp","href":"https:\/\/api.w.org\/{rel}","templated":true}]}}