{"id":376,"date":"2020-01-10T01:54:26","date_gmt":"2020-01-09T18:54:26","guid":{"rendered":"http:\/\/nghilocfoods.com\/?post_type=product&#038;p=376"},"modified":"2025-10-15T11:08:55","modified_gmt":"2025-10-15T04:08:55","slug":"ca-do-cu","status":"publish","type":"product","link":"https:\/\/thinhvuongseafood.com\/en\/san-pham\/red-tail-fusilier\/","title":{"rendered":"RED TAIL FUSILIER"},"content":{"rendered":"<p>Red-rooted fish is a type of fish living in the far sea, lean meat and has a typical sea flavor haunted in the meat of the offshore fish. The more offshore fish, the higher the nutritional value and also the better the taste. This type of fish is often used as fish cakes because the taste of the fish will not be lost but also make the dish even better, when combined with other dishes, it immediately becomes a brand, such as bun cha. fish &#8230; Grilled red tubers are suitable for family meals when you want to change your taste. And this kind of fish cake is very popular with big restaurants and restaurants because it can be processed into premium dishes for the most fastidious customers.<\/p>\n<p>Preserving fish cake by the method of chilling fish covered with the surface of fish cake<\/p>\n<p>This is a traditional preservation method and is quite popular. However, if you keep the fish cake in this way, you can only keep the product for 2-3 days.<br \/>\nNote: The type of stone used to preserve fish ball by this method is shaved ice or crushed ice. Ice is used in factories and then finely ground to marinate fish. Do not use marble (ice to drink fresh water) or ice pipe (ice drink beer) to marinate fish, these rocks, even though pureed, the cold is still not equal to ice.<br \/>\n<img loading=\"lazy\" decoding=\"async\" class=\"aligncenter size-full wp-image-390\" src=\"http:\/\/nghilocfoods.com\/wp-content\/uploads\/2020\/01\/cha-ca-do-ly-son-2-3727.jpg\" alt=\"Cha Ca Do Ly Son 2 3727\" width=\"594\" height=\"591\" \/><\/p>\n<h2><\/h2>\n<p>Preserving fish cake by the method of freezing fish cakes<\/p>\n<p>Basically, this method is quite similar to the method of preserving fish cake by freezing. This method preserves fish cakes by lowering the ambient temperature to limit the growth of microorganisms. The preservation temperature of grilled fish is just cold enough, it can not make fish frozen. Therefore, the time for preserving grilled fish by this method is quite limited, about 5 &#8211; 10 days.<\/p>\n<p>This method is often applied in establishments that invest in a cold storage system and store products for a short time and then sell them.<br \/>\nIf you want to use this method to preserve fish pies at home, you can use the refrigerator compartment. Note that the refrigerator compartment temperature must be set to maximum and the refrigerator should not be opened to keep the ambient temperature at an appropriate level.<\/p>\n<p>Often due to the need to use, you often open the refrigerator, this makes the temperature of the food storage environment increased and the storage time of food will decrease.<\/p>\n<p>Grilled fish, if stored in the refrigerator compartment, can only be kept for 1-3 days.<\/p>","protected":false},"excerpt":{"rendered":"<ul>\n<li><span style=\"font-size: 16px;\">Vietnamese Name:<span class=\"apple-converted-space\"> C\u00c1 \u0110\u1ece C\u1ee6<\/span><\/span><\/li>\n<li>RED TAIL FUSILIER<\/li>\n<li><span style=\"font-size: 16px;\">Latin name:<span class=\"apple-converted-space\"> Caesio chrysozona<\/span><\/span><\/li>\n<li>Size (pcs\/kg): 4\/6, 6\/8, 8\/10, 10\/12.<\/li>\n<li>Product by: Thinh Vuong Seafood<\/li>\n<\/ul>\n","protected":false},"featured_media":390,"template":"","meta":[],"product_cat":[16],"product_tag":[],"yoast_head":"<!-- This site is optimized with the Yoast SEO plugin v22.5 - https:\/\/yoast.com\/wordpress\/plugins\/seo\/ -->\n<title>RED TAIL FUSILIER - XU\u1ea4T NH\u1eacP KH\u1ea8U AC PH\u00daC L\u1ed8C PH\u00c1T<\/title>\n<meta name=\"robots\" content=\"index, follow, max-snippet:-1, max-image-preview:large, max-video-preview:-1\" \/>\n<link rel=\"canonical\" href=\"https:\/\/thinhvuongseafood.com\/san-pham\/ca-do-cu\/\" \/>\n<meta property=\"og:locale\" content=\"en_US\" \/>\n<meta property=\"og:type\" content=\"article\" \/>\n<meta property=\"og:title\" content=\"[:vi]C\u00c1 \u0110\u1ece C\u1ee6[:en]RED TAIL FUSILIER[:] - XU\u1ea4T NH\u1eacP KH\u1ea8U AC PH\u00daC L\u1ed8C PH\u00c1T\" \/>\n<meta property=\"og:description\" content=\"[:vi]  Vietnamese Name: C\u00c1 \u0110\u1ece C\u1ee6  RED TAIL FUSILIER  Latin name: Caesio chrysozona  Size (pcs\/kg): 4\/6, 6\/8, 8\/10, 10\/12.  S\u1ea3n xu\u1ea5t b\u1edfi: Th\u1ecbnh V\u01b0\u1ee3ng Seafood [:en]  Vietnamese Name: C\u00c1 \u0110\u1ece C\u1ee6  RED TAIL FUSILIER  Latin name: Caesio chrysozona  Size (pcs\/kg): 4\/6, 6\/8, 8\/10, 10\/12.  Product by: Thinh Vuong Seafood [:]\" \/>\n<meta property=\"og:url\" content=\"https:\/\/thinhvuongseafood.com\/san-pham\/ca-do-cu\/\" \/>\n<meta property=\"og:site_name\" content=\"XU\u1ea4T NH\u1eacP KH\u1ea8U AC PH\u00daC L\u1ed8C PH\u00c1T\" \/>\n<meta property=\"article:modified_time\" content=\"2025-10-15T04:08:55+00:00\" \/>\n<meta property=\"og:image\" content=\"https:\/\/thinhvuongseafood.com\/wp-content\/uploads\/2020\/01\/cha-ca-do-ly-son-2-3727.jpg\" \/>\n\t<meta property=\"og:image:width\" content=\"594\" \/>\n\t<meta property=\"og:image:height\" content=\"591\" \/>\n\t<meta property=\"og:image:type\" content=\"image\/jpeg\" \/>\n<meta name=\"twitter:card\" content=\"summary_large_image\" \/>\n<meta name=\"twitter:label1\" content=\"Est. reading time\" \/>\n\t<meta name=\"twitter:data1\" content=\"4 minutes\" \/>\n<script type=\"application\/ld+json\" class=\"yoast-schema-graph\">{\"@context\":\"https:\/\/schema.org\",\"@graph\":[{\"@type\":\"WebPage\",\"@id\":\"https:\/\/thinhvuongseafood.com\/san-pham\/ca-do-cu\/\",\"url\":\"https:\/\/thinhvuongseafood.com\/san-pham\/ca-do-cu\/\",\"name\":\"[:vi]C\u00c1 \u0110\u1ece C\u1ee6[:en]RED TAIL FUSILIER[:] - XU\u1ea4T NH\u1eacP KH\u1ea8U AC PH\u00daC L\u1ed8C PH\u00c1T\",\"isPartOf\":{\"@id\":\"https:\/\/thinhvuongseafood.com\/en\/#website\"},\"primaryImageOfPage\":{\"@id\":\"https:\/\/thinhvuongseafood.com\/san-pham\/ca-do-cu\/#primaryimage\"},\"image\":{\"@id\":\"https:\/\/thinhvuongseafood.com\/san-pham\/ca-do-cu\/#primaryimage\"},\"thumbnailUrl\":\"https:\/\/thinhvuongseafood.com\/wp-content\/uploads\/2020\/01\/cha-ca-do-ly-son-2-3727.jpg\",\"datePublished\":\"2020-01-09T18:54:26+00:00\",\"dateModified\":\"2025-10-15T04:08:55+00:00\",\"breadcrumb\":{\"@id\":\"https:\/\/thinhvuongseafood.com\/san-pham\/ca-do-cu\/#breadcrumb\"},\"inLanguage\":\"en-US\",\"potentialAction\":[{\"@type\":\"ReadAction\",\"target\":[\"https:\/\/thinhvuongseafood.com\/san-pham\/ca-do-cu\/\"]}]},{\"@type\":\"ImageObject\",\"inLanguage\":\"en-US\",\"@id\":\"https:\/\/thinhvuongseafood.com\/san-pham\/ca-do-cu\/#primaryimage\",\"url\":\"https:\/\/thinhvuongseafood.com\/wp-content\/uploads\/2020\/01\/cha-ca-do-ly-son-2-3727.jpg\",\"contentUrl\":\"https:\/\/thinhvuongseafood.com\/wp-content\/uploads\/2020\/01\/cha-ca-do-ly-son-2-3727.jpg\",\"width\":594,\"height\":591,\"caption\":\"Cha Ca Do Ly Son 2 3727\"},{\"@type\":\"BreadcrumbList\",\"@id\":\"https:\/\/thinhvuongseafood.com\/san-pham\/ca-do-cu\/#breadcrumb\",\"itemListElement\":[{\"@type\":\"ListItem\",\"position\":1,\"name\":\"Trang ch\u1ee7\",\"item\":\"https:\/\/thinhvuongseafood.com\/en\/\"},{\"@type\":\"ListItem\",\"position\":2,\"name\":\"Store\",\"item\":\"https:\/\/thinhvuongseafood.com\/en\/cua-hang\/\"},{\"@type\":\"ListItem\",\"position\":3,\"name\":\"C\u00c1 \u0110\u1ece C\u1ee6\"}]},{\"@type\":\"WebSite\",\"@id\":\"https:\/\/thinhvuongseafood.com\/en\/#website\",\"url\":\"https:\/\/thinhvuongseafood.com\/en\/\",\"name\":\"XU\u1ea4T NH\u1eacP KH\u1ea8U AC PH\u00daC L\u1ed8C PH\u00c1T\",\"description\":\"\",\"potentialAction\":[{\"@type\":\"SearchAction\",\"target\":{\"@type\":\"EntryPoint\",\"urlTemplate\":\"https:\/\/thinhvuongseafood.com\/en\/?s={search_term_string}\"},\"query-input\":\"required name=search_term_string\"}],\"inLanguage\":\"en-US\"}]}<\/script>\n<!-- \/ Yoast SEO plugin. -->","yoast_head_json":{"title":"[:vi]C\u00c1 \u0110\u1ece C\u1ee6[:en]RED TAIL FUSILIER[:] - XU\u1ea4T NH\u1eacP KH\u1ea8U AC PH\u00daC L\u1ed8C PH\u00c1T","robots":{"index":"index","follow":"follow","max-snippet":"max-snippet:-1","max-image-preview":"max-image-preview:large","max-video-preview":"max-video-preview:-1"},"canonical":"https:\/\/thinhvuongseafood.com\/san-pham\/ca-do-cu\/","og_locale":"en_US","og_type":"article","og_title":"[:vi]C\u00c1 \u0110\u1ece C\u1ee6[:en]RED TAIL FUSILIER[:] - XU\u1ea4T NH\u1eacP KH\u1ea8U AC PH\u00daC L\u1ed8C PH\u00c1T","og_description":"[:vi]  Vietnamese Name: C\u00c1 \u0110\u1ece C\u1ee6  RED TAIL FUSILIER  Latin name: Caesio chrysozona  Size (pcs\/kg): 4\/6, 6\/8, 8\/10, 10\/12.  S\u1ea3n xu\u1ea5t b\u1edfi: Th\u1ecbnh V\u01b0\u1ee3ng Seafood [:en]  Vietnamese Name: C\u00c1 \u0110\u1ece C\u1ee6  RED TAIL FUSILIER  Latin name: Caesio chrysozona  Size (pcs\/kg): 4\/6, 6\/8, 8\/10, 10\/12.  Product by: Thinh Vuong Seafood [:]","og_url":"https:\/\/thinhvuongseafood.com\/san-pham\/ca-do-cu\/","og_site_name":"XU\u1ea4T NH\u1eacP KH\u1ea8U AC PH\u00daC L\u1ed8C PH\u00c1T","article_modified_time":"2025-10-15T04:08:55+00:00","og_image":[{"width":594,"height":591,"url":"https:\/\/thinhvuongseafood.com\/wp-content\/uploads\/2020\/01\/cha-ca-do-ly-son-2-3727.jpg","type":"image\/jpeg"}],"twitter_card":"summary_large_image","twitter_misc":{"Est. reading time":"4 minutes"},"schema":{"@context":"https:\/\/schema.org","@graph":[{"@type":"WebPage","@id":"https:\/\/thinhvuongseafood.com\/san-pham\/ca-do-cu\/","url":"https:\/\/thinhvuongseafood.com\/san-pham\/ca-do-cu\/","name":"[:vi]C\u00c1 \u0110\u1ece C\u1ee6[:en]RED TAIL FUSILIER[:] - XU\u1ea4T NH\u1eacP KH\u1ea8U AC PH\u00daC L\u1ed8C PH\u00c1T","isPartOf":{"@id":"https:\/\/thinhvuongseafood.com\/en\/#website"},"primaryImageOfPage":{"@id":"https:\/\/thinhvuongseafood.com\/san-pham\/ca-do-cu\/#primaryimage"},"image":{"@id":"https:\/\/thinhvuongseafood.com\/san-pham\/ca-do-cu\/#primaryimage"},"thumbnailUrl":"https:\/\/thinhvuongseafood.com\/wp-content\/uploads\/2020\/01\/cha-ca-do-ly-son-2-3727.jpg","datePublished":"2020-01-09T18:54:26+00:00","dateModified":"2025-10-15T04:08:55+00:00","breadcrumb":{"@id":"https:\/\/thinhvuongseafood.com\/san-pham\/ca-do-cu\/#breadcrumb"},"inLanguage":"en-US","potentialAction":[{"@type":"ReadAction","target":["https:\/\/thinhvuongseafood.com\/san-pham\/ca-do-cu\/"]}]},{"@type":"ImageObject","inLanguage":"en-US","@id":"https:\/\/thinhvuongseafood.com\/san-pham\/ca-do-cu\/#primaryimage","url":"https:\/\/thinhvuongseafood.com\/wp-content\/uploads\/2020\/01\/cha-ca-do-ly-son-2-3727.jpg","contentUrl":"https:\/\/thinhvuongseafood.com\/wp-content\/uploads\/2020\/01\/cha-ca-do-ly-son-2-3727.jpg","width":594,"height":591,"caption":"Cha Ca Do Ly Son 2 3727"},{"@type":"BreadcrumbList","@id":"https:\/\/thinhvuongseafood.com\/san-pham\/ca-do-cu\/#breadcrumb","itemListElement":[{"@type":"ListItem","position":1,"name":"Trang ch\u1ee7","item":"https:\/\/thinhvuongseafood.com\/en\/"},{"@type":"ListItem","position":2,"name":"Store","item":"https:\/\/thinhvuongseafood.com\/en\/cua-hang\/"},{"@type":"ListItem","position":3,"name":"C\u00c1 \u0110\u1ece C\u1ee6"}]},{"@type":"WebSite","@id":"https:\/\/thinhvuongseafood.com\/en\/#website","url":"https:\/\/thinhvuongseafood.com\/en\/","name":"XU\u1ea4T NH\u1eacP KH\u1ea8U AC PH\u00daC L\u1ed8C PH\u00c1T","description":"","potentialAction":[{"@type":"SearchAction","target":{"@type":"EntryPoint","urlTemplate":"https:\/\/thinhvuongseafood.com\/en\/?s={search_term_string}"},"query-input":"required name=search_term_string"}],"inLanguage":"en-US"}]}},"_links":{"self":[{"href":"https:\/\/thinhvuongseafood.com\/en\/wp-json\/wp\/v2\/product\/376"}],"collection":[{"href":"https:\/\/thinhvuongseafood.com\/en\/wp-json\/wp\/v2\/product"}],"about":[{"href":"https:\/\/thinhvuongseafood.com\/en\/wp-json\/wp\/v2\/types\/product"}],"wp:featuredmedia":[{"embeddable":true,"href":"https:\/\/thinhvuongseafood.com\/en\/wp-json\/wp\/v2\/media\/390"}],"wp:attachment":[{"href":"https:\/\/thinhvuongseafood.com\/en\/wp-json\/wp\/v2\/media?parent=376"}],"wp:term":[{"taxonomy":"product_cat","embeddable":true,"href":"https:\/\/thinhvuongseafood.com\/en\/wp-json\/wp\/v2\/product_cat?post=376"},{"taxonomy":"product_tag","embeddable":true,"href":"https:\/\/thinhvuongseafood.com\/en\/wp-json\/wp\/v2\/product_tag?post=376"}],"curies":[{"name":"wp","href":"https:\/\/api.w.org\/{rel}","templated":true}]}}