{"id":374,"date":"2020-01-10T01:42:06","date_gmt":"2020-01-09T18:42:06","guid":{"rendered":"http:\/\/nghilocfoods.com\/?post_type=product&#038;p=374"},"modified":"2025-10-15T12:11:50","modified_gmt":"2025-10-15T05:11:50","slug":"ca-mu-2","status":"publish","type":"product","link":"https:\/\/thinhvuongseafood.com\/en\/san-pham\/frozen-grouper\/","title":{"rendered":"FROZEN GROUPER"},"content":{"rendered":"<p>1. What is sea grouper?<\/p>\n<p>Grouper is one of the delicious sea fishes, which is loved by many people. Sea grouper is considered a specialty of Quang Ninh, Hai Phong, Thanh Hoa and Nghe An. For more interesting things, let&#8217;s explore together.<\/p>\n<p>Origin of groupers<\/p>\n<p>Grouper is a species of grouper or grouper (Serranidae). Fish called Grouper in English, they belong to the bass. In the grouper family now there are more than 400 species, are being distributed in many parts of the world.<\/p>\n<p>&nbsp;<\/p>\n<p>&nbsp;<\/p>\n<p>Grouper characteristics<\/p>\n<p>Grouper has a very special feature compared to other fish, is the stout body and extremely large mouth.<\/p>\n<p>The weight of the fish depends on each breed. The largest grouper is turmeric, when mature, can weigh up to 50 &#8211; 60kg.<\/p>\n<p>Covering the whole grouper&#8217;s body is a very small but extremely hard scale. Their bodies are usually dark brown or mossy green.<\/p>\n<p>Stretching from the back to the abdomen often have dark brown veins. The back of the fish will be darker brown than the abdomen.<\/p>","protected":false},"excerpt":{"rendered":"<ul>\n<li><span style=\"font-size: 16px;\">Vietnamese Name:<span class=\"apple-converted-space\"> C\u00c1 M\u00da<\/span><\/span><\/li>\n<li>FROZEN GROUPER<\/li>\n<li><span style=\"font-size: 16px;\">Latin name:<span class=\"apple-converted-space\"> <strong><em>Epinephelus spp<\/em><\/strong><\/span><\/span><\/li>\n<li>Style:<span class=\"apple-converted-space\"> Frozen IQF or Block<\/span><\/li>\n<li>Size (pcs\/kg): 200\/300, 300\/500, 500\/700<\/li>\n<li>Product by: Thinh Vuong Seafoods<\/li>\n<\/ul>\n","protected":false},"featured_media":387,"template":"","meta":[],"product_cat":[16],"product_tag":[],"yoast_head":"<!-- This site is optimized with the Yoast SEO plugin v22.5 - https:\/\/yoast.com\/wordpress\/plugins\/seo\/ -->\n<title>FROZEN GROUPER - XU\u1ea4T NH\u1eacP KH\u1ea8U AC PH\u00daC L\u1ed8C PH\u00c1T<\/title>\n<meta name=\"robots\" content=\"index, follow, max-snippet:-1, max-image-preview:large, max-video-preview:-1\" \/>\n<link rel=\"canonical\" href=\"https:\/\/thinhvuongseafood.com\/san-pham\/ca-mu-2\/\" \/>\n<meta property=\"og:locale\" content=\"en_US\" \/>\n<meta property=\"og:type\" content=\"article\" \/>\n<meta property=\"og:title\" content=\"[:vi]C\u00c1 M\u00da[:en]FROZEN GROUPER[:] - XU\u1ea4T NH\u1eacP KH\u1ea8U AC PH\u00daC L\u1ed8C PH\u00c1T\" \/>\n<meta property=\"og:description\" content=\"[:vi]  Vietnamese Name: C\u00c1 M\u00da  FROZEN GROUPER  Latin name: Epinephelus spp  Style: Frozen IQF or Block  Size (pcs\/kg): 200\/300, 300\/500, 500\/700  S\u1ea3n xu\u1ea5t b\u1edfi: Th\u1ecbnh V\u01b0\u1ee3ng Seafood [:en]  Vietnamese Name: C\u00c1 M\u00da  FROZEN GROUPER  Latin name: Epinephelus spp  Style: Frozen IQF or Block  Size (pcs\/kg): 200\/300, 300\/500, 500\/700  Product by: Thinh Vuong Seafoods [:]\" \/>\n<meta property=\"og:url\" content=\"https:\/\/thinhvuongseafood.com\/san-pham\/ca-mu-2\/\" \/>\n<meta property=\"og:site_name\" content=\"XU\u1ea4T NH\u1eacP KH\u1ea8U AC PH\u00daC L\u1ed8C PH\u00c1T\" \/>\n<meta property=\"article:modified_time\" content=\"2025-10-15T05:11:50+00:00\" \/>\n<meta property=\"og:image\" content=\"https:\/\/thinhvuongseafood.com\/wp-content\/uploads\/2020\/01\/ca_mu.jpg\" \/>\n\t<meta property=\"og:image:width\" content=\"600\" \/>\n\t<meta property=\"og:image:height\" content=\"450\" \/>\n\t<meta property=\"og:image:type\" content=\"image\/jpeg\" \/>\n<meta name=\"twitter:card\" content=\"summary_large_image\" \/>\n<meta name=\"twitter:label1\" content=\"Est. reading time\" \/>\n\t<meta name=\"twitter:data1\" content=\"2 minutes\" \/>\n<script type=\"application\/ld+json\" class=\"yoast-schema-graph\">{\"@context\":\"https:\/\/schema.org\",\"@graph\":[{\"@type\":\"WebPage\",\"@id\":\"https:\/\/thinhvuongseafood.com\/san-pham\/ca-mu-2\/\",\"url\":\"https:\/\/thinhvuongseafood.com\/san-pham\/ca-mu-2\/\",\"name\":\"[:vi]C\u00c1 M\u00da[:en]FROZEN GROUPER[:] - XU\u1ea4T NH\u1eacP KH\u1ea8U AC PH\u00daC L\u1ed8C PH\u00c1T\",\"isPartOf\":{\"@id\":\"https:\/\/thinhvuongseafood.com\/en\/#website\"},\"primaryImageOfPage\":{\"@id\":\"https:\/\/thinhvuongseafood.com\/san-pham\/ca-mu-2\/#primaryimage\"},\"image\":{\"@id\":\"https:\/\/thinhvuongseafood.com\/san-pham\/ca-mu-2\/#primaryimage\"},\"thumbnailUrl\":\"https:\/\/thinhvuongseafood.com\/wp-content\/uploads\/2020\/01\/ca_mu.jpg\",\"datePublished\":\"2020-01-09T18:42:06+00:00\",\"dateModified\":\"2025-10-15T05:11:50+00:00\",\"breadcrumb\":{\"@id\":\"https:\/\/thinhvuongseafood.com\/san-pham\/ca-mu-2\/#breadcrumb\"},\"inLanguage\":\"en-US\",\"potentialAction\":[{\"@type\":\"ReadAction\",\"target\":[\"https:\/\/thinhvuongseafood.com\/san-pham\/ca-mu-2\/\"]}]},{\"@type\":\"ImageObject\",\"inLanguage\":\"en-US\",\"@id\":\"https:\/\/thinhvuongseafood.com\/san-pham\/ca-mu-2\/#primaryimage\",\"url\":\"https:\/\/thinhvuongseafood.com\/wp-content\/uploads\/2020\/01\/ca_mu.jpg\",\"contentUrl\":\"https:\/\/thinhvuongseafood.com\/wp-content\/uploads\/2020\/01\/ca_mu.jpg\",\"width\":600,\"height\":450,\"caption\":\"Ca Mu\"},{\"@type\":\"BreadcrumbList\",\"@id\":\"https:\/\/thinhvuongseafood.com\/san-pham\/ca-mu-2\/#breadcrumb\",\"itemListElement\":[{\"@type\":\"ListItem\",\"position\":1,\"name\":\"Trang ch\u1ee7\",\"item\":\"https:\/\/thinhvuongseafood.com\/en\/\"},{\"@type\":\"ListItem\",\"position\":2,\"name\":\"Store\",\"item\":\"https:\/\/thinhvuongseafood.com\/en\/cua-hang\/\"},{\"@type\":\"ListItem\",\"position\":3,\"name\":\"C\u00c1 M\u00da\"}]},{\"@type\":\"WebSite\",\"@id\":\"https:\/\/thinhvuongseafood.com\/en\/#website\",\"url\":\"https:\/\/thinhvuongseafood.com\/en\/\",\"name\":\"XU\u1ea4T NH\u1eacP KH\u1ea8U AC PH\u00daC L\u1ed8C PH\u00c1T\",\"description\":\"\",\"potentialAction\":[{\"@type\":\"SearchAction\",\"target\":{\"@type\":\"EntryPoint\",\"urlTemplate\":\"https:\/\/thinhvuongseafood.com\/en\/?s={search_term_string}\"},\"query-input\":\"required name=search_term_string\"}],\"inLanguage\":\"en-US\"}]}<\/script>\n<!-- \/ Yoast SEO plugin. -->","yoast_head_json":{"title":"[:vi]C\u00c1 M\u00da[:en]FROZEN GROUPER[:] - XU\u1ea4T NH\u1eacP KH\u1ea8U AC PH\u00daC L\u1ed8C PH\u00c1T","robots":{"index":"index","follow":"follow","max-snippet":"max-snippet:-1","max-image-preview":"max-image-preview:large","max-video-preview":"max-video-preview:-1"},"canonical":"https:\/\/thinhvuongseafood.com\/san-pham\/ca-mu-2\/","og_locale":"en_US","og_type":"article","og_title":"[:vi]C\u00c1 M\u00da[:en]FROZEN GROUPER[:] - XU\u1ea4T NH\u1eacP KH\u1ea8U AC PH\u00daC L\u1ed8C PH\u00c1T","og_description":"[:vi]  Vietnamese Name: C\u00c1 M\u00da  FROZEN GROUPER  Latin name: Epinephelus spp  Style: Frozen IQF or Block  Size (pcs\/kg): 200\/300, 300\/500, 500\/700  S\u1ea3n xu\u1ea5t b\u1edfi: Th\u1ecbnh V\u01b0\u1ee3ng Seafood [:en]  Vietnamese Name: C\u00c1 M\u00da  FROZEN GROUPER  Latin name: Epinephelus spp  Style: Frozen IQF or Block  Size (pcs\/kg): 200\/300, 300\/500, 500\/700  Product by: Thinh Vuong Seafoods [:]","og_url":"https:\/\/thinhvuongseafood.com\/san-pham\/ca-mu-2\/","og_site_name":"XU\u1ea4T NH\u1eacP KH\u1ea8U AC PH\u00daC L\u1ed8C PH\u00c1T","article_modified_time":"2025-10-15T05:11:50+00:00","og_image":[{"width":600,"height":450,"url":"https:\/\/thinhvuongseafood.com\/wp-content\/uploads\/2020\/01\/ca_mu.jpg","type":"image\/jpeg"}],"twitter_card":"summary_large_image","twitter_misc":{"Est. reading time":"2 minutes"},"schema":{"@context":"https:\/\/schema.org","@graph":[{"@type":"WebPage","@id":"https:\/\/thinhvuongseafood.com\/san-pham\/ca-mu-2\/","url":"https:\/\/thinhvuongseafood.com\/san-pham\/ca-mu-2\/","name":"[:vi]C\u00c1 M\u00da[:en]FROZEN GROUPER[:] - XU\u1ea4T NH\u1eacP KH\u1ea8U AC PH\u00daC L\u1ed8C PH\u00c1T","isPartOf":{"@id":"https:\/\/thinhvuongseafood.com\/en\/#website"},"primaryImageOfPage":{"@id":"https:\/\/thinhvuongseafood.com\/san-pham\/ca-mu-2\/#primaryimage"},"image":{"@id":"https:\/\/thinhvuongseafood.com\/san-pham\/ca-mu-2\/#primaryimage"},"thumbnailUrl":"https:\/\/thinhvuongseafood.com\/wp-content\/uploads\/2020\/01\/ca_mu.jpg","datePublished":"2020-01-09T18:42:06+00:00","dateModified":"2025-10-15T05:11:50+00:00","breadcrumb":{"@id":"https:\/\/thinhvuongseafood.com\/san-pham\/ca-mu-2\/#breadcrumb"},"inLanguage":"en-US","potentialAction":[{"@type":"ReadAction","target":["https:\/\/thinhvuongseafood.com\/san-pham\/ca-mu-2\/"]}]},{"@type":"ImageObject","inLanguage":"en-US","@id":"https:\/\/thinhvuongseafood.com\/san-pham\/ca-mu-2\/#primaryimage","url":"https:\/\/thinhvuongseafood.com\/wp-content\/uploads\/2020\/01\/ca_mu.jpg","contentUrl":"https:\/\/thinhvuongseafood.com\/wp-content\/uploads\/2020\/01\/ca_mu.jpg","width":600,"height":450,"caption":"Ca Mu"},{"@type":"BreadcrumbList","@id":"https:\/\/thinhvuongseafood.com\/san-pham\/ca-mu-2\/#breadcrumb","itemListElement":[{"@type":"ListItem","position":1,"name":"Trang ch\u1ee7","item":"https:\/\/thinhvuongseafood.com\/en\/"},{"@type":"ListItem","position":2,"name":"Store","item":"https:\/\/thinhvuongseafood.com\/en\/cua-hang\/"},{"@type":"ListItem","position":3,"name":"C\u00c1 M\u00da"}]},{"@type":"WebSite","@id":"https:\/\/thinhvuongseafood.com\/en\/#website","url":"https:\/\/thinhvuongseafood.com\/en\/","name":"XU\u1ea4T NH\u1eacP KH\u1ea8U AC PH\u00daC L\u1ed8C PH\u00c1T","description":"","potentialAction":[{"@type":"SearchAction","target":{"@type":"EntryPoint","urlTemplate":"https:\/\/thinhvuongseafood.com\/en\/?s={search_term_string}"},"query-input":"required name=search_term_string"}],"inLanguage":"en-US"}]}},"_links":{"self":[{"href":"https:\/\/thinhvuongseafood.com\/en\/wp-json\/wp\/v2\/product\/374"}],"collection":[{"href":"https:\/\/thinhvuongseafood.com\/en\/wp-json\/wp\/v2\/product"}],"about":[{"href":"https:\/\/thinhvuongseafood.com\/en\/wp-json\/wp\/v2\/types\/product"}],"wp:featuredmedia":[{"embeddable":true,"href":"https:\/\/thinhvuongseafood.com\/en\/wp-json\/wp\/v2\/media\/387"}],"wp:attachment":[{"href":"https:\/\/thinhvuongseafood.com\/en\/wp-json\/wp\/v2\/media?parent=374"}],"wp:term":[{"taxonomy":"product_cat","embeddable":true,"href":"https:\/\/thinhvuongseafood.com\/en\/wp-json\/wp\/v2\/product_cat?post=374"},{"taxonomy":"product_tag","embeddable":true,"href":"https:\/\/thinhvuongseafood.com\/en\/wp-json\/wp\/v2\/product_tag?post=374"}],"curies":[{"name":"wp","href":"https:\/\/api.w.org\/{rel}","templated":true}]}}