{"id":373,"date":"2020-01-10T01:37:01","date_gmt":"2020-01-09T18:37:01","guid":{"rendered":"http:\/\/nghilocfoods.com\/?post_type=product&#038;p=373"},"modified":"2023-05-25T10:34:52","modified_gmt":"2023-05-25T03:34:52","slug":"ca-dong","status":"publish","type":"product","link":"https:\/\/thinhvuongseafood.com\/en\/san-pham\/threadfin-bream\/","title":{"rendered":"THREADFIN BREAM"},"content":{"rendered":"<p>Anchovies, also known as Mullet, Sand Dong, Cobia, and Sea Hump, scientifically known as Nemipterus furcosus<\/p>\n<p>Dong fish is a species of sea fish in the line of sea bass, ray finned fish, distributed in the Pacific Ocean and Indian Ocean, they are marine species of economic value and are harvested year-round.<\/p>\n<p>&nbsp;<\/p>\n<p><img loading=\"lazy\" decoding=\"async\" class=\"aligncenter size-full wp-image-386\" src=\"http:\/\/nghilocfoods.com\/wp-content\/uploads\/2020\/01\/12036946_409828202541810_7595668588292353681_n-600x523-1.jpg\" alt=\"12036946 409828202541810 7595668588292353681 N 600x523\" width=\"600\" height=\"523\" \/><\/p>\n<p>&nbsp;<\/p>\n<p><strong>Features of Dong fish<\/strong><\/p>\n<p>Dong fish has size from 15 &#8211; 20 cm, body is long, flattened, surrounded by scales outside of pink and silvery white. There are two yellow stripes running along the body from the head to the end of the caudal fin.<\/p>\n<p>Dong fish have white dorsal and dorsal fins, yellowish red rims, and pink fins.<\/p>\n<p>In front of the upper jaw there are 4-5 pairs of small teeth. Dong Cong&#8217;s food is usually plankton, fish or small squid.<\/p>\n<p>Dong fish has white meat, which is aromatic, sweet and delicious, often used to cook, grilled or fried. Dong fish have the shape and processing of food usually similar to snapper but more delicious.<\/p>\n<p>Sand dugong usually live in areas with coral reefs at depths of 8 to 110 m, on sandy and muddy bottoms, and they also have shelter in estuaries. Their main food is crustaceans and small fish<\/p>","protected":false},"excerpt":{"rendered":"<ul>\n<li><span style=\"font-size: 16px;\">Vietnamese Name:<span class=\"apple-converted-space\"> C\u00c1 \u0110\u1ed4NG<\/span><\/span><\/li>\n<li>THREADFIN BREAM<\/li>\n<li><span style=\"font-size: 16px;\">Latin name:<span class=\"apple-converted-space\">\u00a0<i>Nemipterus Virgatus<\/i><\/span><\/span><\/li>\n<li>Size (pcs\/kg): 50\/100, 100\/200, 200\/300<\/li>\n<li>Product by: Nghi Loc Seafoods<\/li>\n<\/ul>\n","protected":false},"featured_media":386,"template":"","meta":[],"product_cat":[16],"product_tag":[],"yoast_head":"<!-- This site is optimized with the Yoast SEO plugin v22.5 - https:\/\/yoast.com\/wordpress\/plugins\/seo\/ -->\n<title>THREADFIN BREAM - XU\u1ea4T NH\u1eacP KH\u1ea8U AC PH\u00daC L\u1ed8C PH\u00c1T<\/title>\n<meta name=\"robots\" content=\"index, follow, max-snippet:-1, max-image-preview:large, max-video-preview:-1\" \/>\n<link rel=\"canonical\" href=\"https:\/\/thinhvuongseafood.com\/san-pham\/ca-dong\/\" \/>\n<meta property=\"og:locale\" content=\"en_US\" \/>\n<meta property=\"og:type\" content=\"article\" \/>\n<meta property=\"og:title\" content=\"[:vi]C\u00c1 \u0110\u1ed4NG[:en]THREADFIN BREAM[:] - XU\u1ea4T NH\u1eacP KH\u1ea8U AC PH\u00daC L\u1ed8C PH\u00c1T\" \/>\n<meta property=\"og:description\" content=\"[:vi]  Vietnamese Name: C\u00c1 \u0110\u1ed4NG  THREADFIN BREAM  Latin name:\u00a0Nemipterus Virgatus  Size (pcs\/kg): 50\/100, 100\/200, 200\/300  S\u1ea3n xu\u1ea5t b\u1edfi: Ph\u00fac L\u1ed9c Ph\u00e1t Group [:en]  Vietnamese Name: C\u00c1 \u0110\u1ed4NG  THREADFIN BREAM  Latin name:\u00a0Nemipterus Virgatus  Size (pcs\/kg): 50\/100, 100\/200, 200\/300  Product by: Nghi Loc Seafoods [:]\" \/>\n<meta property=\"og:url\" content=\"https:\/\/thinhvuongseafood.com\/san-pham\/ca-dong\/\" \/>\n<meta property=\"og:site_name\" content=\"XU\u1ea4T NH\u1eacP KH\u1ea8U AC PH\u00daC L\u1ed8C PH\u00c1T\" \/>\n<meta property=\"article:modified_time\" content=\"2023-05-25T03:34:52+00:00\" \/>\n<meta property=\"og:image\" content=\"https:\/\/thinhvuongseafood.com\/wp-content\/uploads\/2020\/01\/12036946_409828202541810_7595668588292353681_n-600x523-1.jpg\" \/>\n\t<meta property=\"og:image:width\" content=\"600\" \/>\n\t<meta property=\"og:image:height\" content=\"523\" \/>\n\t<meta property=\"og:image:type\" content=\"image\/jpeg\" \/>\n<meta name=\"twitter:card\" content=\"summary_large_image\" \/>\n<meta name=\"twitter:label1\" content=\"Est. reading time\" \/>\n\t<meta name=\"twitter:data1\" content=\"3 minutes\" \/>\n<script type=\"application\/ld+json\" class=\"yoast-schema-graph\">{\"@context\":\"https:\/\/schema.org\",\"@graph\":[{\"@type\":\"WebPage\",\"@id\":\"https:\/\/thinhvuongseafood.com\/san-pham\/ca-dong\/\",\"url\":\"https:\/\/thinhvuongseafood.com\/san-pham\/ca-dong\/\",\"name\":\"[:vi]C\u00c1 \u0110\u1ed4NG[:en]THREADFIN BREAM[:] - XU\u1ea4T NH\u1eacP KH\u1ea8U AC PH\u00daC L\u1ed8C PH\u00c1T\",\"isPartOf\":{\"@id\":\"https:\/\/thinhvuongseafood.com\/en\/#website\"},\"primaryImageOfPage\":{\"@id\":\"https:\/\/thinhvuongseafood.com\/san-pham\/ca-dong\/#primaryimage\"},\"image\":{\"@id\":\"https:\/\/thinhvuongseafood.com\/san-pham\/ca-dong\/#primaryimage\"},\"thumbnailUrl\":\"https:\/\/thinhvuongseafood.com\/wp-content\/uploads\/2020\/01\/12036946_409828202541810_7595668588292353681_n-600x523-1.jpg\",\"datePublished\":\"2020-01-09T18:37:01+00:00\",\"dateModified\":\"2023-05-25T03:34:52+00:00\",\"breadcrumb\":{\"@id\":\"https:\/\/thinhvuongseafood.com\/san-pham\/ca-dong\/#breadcrumb\"},\"inLanguage\":\"en-US\",\"potentialAction\":[{\"@type\":\"ReadAction\",\"target\":[\"https:\/\/thinhvuongseafood.com\/san-pham\/ca-dong\/\"]}]},{\"@type\":\"ImageObject\",\"inLanguage\":\"en-US\",\"@id\":\"https:\/\/thinhvuongseafood.com\/san-pham\/ca-dong\/#primaryimage\",\"url\":\"https:\/\/thinhvuongseafood.com\/wp-content\/uploads\/2020\/01\/12036946_409828202541810_7595668588292353681_n-600x523-1.jpg\",\"contentUrl\":\"https:\/\/thinhvuongseafood.com\/wp-content\/uploads\/2020\/01\/12036946_409828202541810_7595668588292353681_n-600x523-1.jpg\",\"width\":600,\"height\":523,\"caption\":\"12036946 409828202541810 7595668588292353681 N 600x523\"},{\"@type\":\"BreadcrumbList\",\"@id\":\"https:\/\/thinhvuongseafood.com\/san-pham\/ca-dong\/#breadcrumb\",\"itemListElement\":[{\"@type\":\"ListItem\",\"position\":1,\"name\":\"Trang ch\u1ee7\",\"item\":\"https:\/\/thinhvuongseafood.com\/en\/\"},{\"@type\":\"ListItem\",\"position\":2,\"name\":\"Store\",\"item\":\"https:\/\/thinhvuongseafood.com\/en\/cua-hang\/\"},{\"@type\":\"ListItem\",\"position\":3,\"name\":\"C\u00c1 \u0110\u1ed4NG\"}]},{\"@type\":\"WebSite\",\"@id\":\"https:\/\/thinhvuongseafood.com\/en\/#website\",\"url\":\"https:\/\/thinhvuongseafood.com\/en\/\",\"name\":\"XU\u1ea4T NH\u1eacP KH\u1ea8U AC PH\u00daC L\u1ed8C PH\u00c1T\",\"description\":\"\",\"potentialAction\":[{\"@type\":\"SearchAction\",\"target\":{\"@type\":\"EntryPoint\",\"urlTemplate\":\"https:\/\/thinhvuongseafood.com\/en\/?s={search_term_string}\"},\"query-input\":\"required name=search_term_string\"}],\"inLanguage\":\"en-US\"}]}<\/script>\n<!-- \/ Yoast SEO plugin. -->","yoast_head_json":{"title":"[:vi]C\u00c1 \u0110\u1ed4NG[:en]THREADFIN BREAM[:] - XU\u1ea4T NH\u1eacP KH\u1ea8U AC PH\u00daC L\u1ed8C PH\u00c1T","robots":{"index":"index","follow":"follow","max-snippet":"max-snippet:-1","max-image-preview":"max-image-preview:large","max-video-preview":"max-video-preview:-1"},"canonical":"https:\/\/thinhvuongseafood.com\/san-pham\/ca-dong\/","og_locale":"en_US","og_type":"article","og_title":"[:vi]C\u00c1 \u0110\u1ed4NG[:en]THREADFIN BREAM[:] - XU\u1ea4T NH\u1eacP KH\u1ea8U AC PH\u00daC L\u1ed8C PH\u00c1T","og_description":"[:vi]  Vietnamese Name: C\u00c1 \u0110\u1ed4NG  THREADFIN BREAM  Latin name:\u00a0Nemipterus Virgatus  Size (pcs\/kg): 50\/100, 100\/200, 200\/300  S\u1ea3n xu\u1ea5t b\u1edfi: Ph\u00fac L\u1ed9c Ph\u00e1t Group [:en]  Vietnamese Name: C\u00c1 \u0110\u1ed4NG  THREADFIN BREAM  Latin name:\u00a0Nemipterus Virgatus  Size (pcs\/kg): 50\/100, 100\/200, 200\/300  Product by: Nghi Loc Seafoods [:]","og_url":"https:\/\/thinhvuongseafood.com\/san-pham\/ca-dong\/","og_site_name":"XU\u1ea4T NH\u1eacP KH\u1ea8U AC PH\u00daC L\u1ed8C PH\u00c1T","article_modified_time":"2023-05-25T03:34:52+00:00","og_image":[{"width":600,"height":523,"url":"https:\/\/thinhvuongseafood.com\/wp-content\/uploads\/2020\/01\/12036946_409828202541810_7595668588292353681_n-600x523-1.jpg","type":"image\/jpeg"}],"twitter_card":"summary_large_image","twitter_misc":{"Est. reading time":"3 minutes"},"schema":{"@context":"https:\/\/schema.org","@graph":[{"@type":"WebPage","@id":"https:\/\/thinhvuongseafood.com\/san-pham\/ca-dong\/","url":"https:\/\/thinhvuongseafood.com\/san-pham\/ca-dong\/","name":"[:vi]C\u00c1 \u0110\u1ed4NG[:en]THREADFIN BREAM[:] - XU\u1ea4T NH\u1eacP KH\u1ea8U AC PH\u00daC L\u1ed8C PH\u00c1T","isPartOf":{"@id":"https:\/\/thinhvuongseafood.com\/en\/#website"},"primaryImageOfPage":{"@id":"https:\/\/thinhvuongseafood.com\/san-pham\/ca-dong\/#primaryimage"},"image":{"@id":"https:\/\/thinhvuongseafood.com\/san-pham\/ca-dong\/#primaryimage"},"thumbnailUrl":"https:\/\/thinhvuongseafood.com\/wp-content\/uploads\/2020\/01\/12036946_409828202541810_7595668588292353681_n-600x523-1.jpg","datePublished":"2020-01-09T18:37:01+00:00","dateModified":"2023-05-25T03:34:52+00:00","breadcrumb":{"@id":"https:\/\/thinhvuongseafood.com\/san-pham\/ca-dong\/#breadcrumb"},"inLanguage":"en-US","potentialAction":[{"@type":"ReadAction","target":["https:\/\/thinhvuongseafood.com\/san-pham\/ca-dong\/"]}]},{"@type":"ImageObject","inLanguage":"en-US","@id":"https:\/\/thinhvuongseafood.com\/san-pham\/ca-dong\/#primaryimage","url":"https:\/\/thinhvuongseafood.com\/wp-content\/uploads\/2020\/01\/12036946_409828202541810_7595668588292353681_n-600x523-1.jpg","contentUrl":"https:\/\/thinhvuongseafood.com\/wp-content\/uploads\/2020\/01\/12036946_409828202541810_7595668588292353681_n-600x523-1.jpg","width":600,"height":523,"caption":"12036946 409828202541810 7595668588292353681 N 600x523"},{"@type":"BreadcrumbList","@id":"https:\/\/thinhvuongseafood.com\/san-pham\/ca-dong\/#breadcrumb","itemListElement":[{"@type":"ListItem","position":1,"name":"Trang ch\u1ee7","item":"https:\/\/thinhvuongseafood.com\/en\/"},{"@type":"ListItem","position":2,"name":"Store","item":"https:\/\/thinhvuongseafood.com\/en\/cua-hang\/"},{"@type":"ListItem","position":3,"name":"C\u00c1 \u0110\u1ed4NG"}]},{"@type":"WebSite","@id":"https:\/\/thinhvuongseafood.com\/en\/#website","url":"https:\/\/thinhvuongseafood.com\/en\/","name":"XU\u1ea4T NH\u1eacP KH\u1ea8U AC PH\u00daC L\u1ed8C PH\u00c1T","description":"","potentialAction":[{"@type":"SearchAction","target":{"@type":"EntryPoint","urlTemplate":"https:\/\/thinhvuongseafood.com\/en\/?s={search_term_string}"},"query-input":"required name=search_term_string"}],"inLanguage":"en-US"}]}},"_links":{"self":[{"href":"https:\/\/thinhvuongseafood.com\/en\/wp-json\/wp\/v2\/product\/373"}],"collection":[{"href":"https:\/\/thinhvuongseafood.com\/en\/wp-json\/wp\/v2\/product"}],"about":[{"href":"https:\/\/thinhvuongseafood.com\/en\/wp-json\/wp\/v2\/types\/product"}],"wp:featuredmedia":[{"embeddable":true,"href":"https:\/\/thinhvuongseafood.com\/en\/wp-json\/wp\/v2\/media\/386"}],"wp:attachment":[{"href":"https:\/\/thinhvuongseafood.com\/en\/wp-json\/wp\/v2\/media?parent=373"}],"wp:term":[{"taxonomy":"product_cat","embeddable":true,"href":"https:\/\/thinhvuongseafood.com\/en\/wp-json\/wp\/v2\/product_cat?post=373"},{"taxonomy":"product_tag","embeddable":true,"href":"https:\/\/thinhvuongseafood.com\/en\/wp-json\/wp\/v2\/product_tag?post=373"}],"curies":[{"name":"wp","href":"https:\/\/api.w.org\/{rel}","templated":true}]}}