{"id":362,"date":"2020-01-10T00:00:54","date_gmt":"2020-01-09T17:00:54","guid":{"rendered":"http:\/\/nghilocfoods.com\/?post_type=product&#038;p=362"},"modified":"2023-05-25T10:38:16","modified_gmt":"2023-05-25T03:38:16","slug":"ca-ngan","status":"publish","type":"product","link":"https:\/\/thinhvuongseafood.com\/en\/san-pham\/frozen-yellowtail-scad\/","title":{"rendered":"FROZEN YELLOWTAIL SCAD"},"content":{"rendered":"<p>also called fry or barramundi, is a species of marine fish belonging to the Carangidae family widely distributed in the Indo-Pacific region from east Africa in the west to the Hawaiian Islands, in the East is distributed north of Japan and south to Australia. Distribution of Vietnam is mainly in the Gulf of Tonkin, Central, Eastern and Southwest.<\/p>\n<p>Mercury fish live in coastal areas such as bays and reefs, hunting small fish and crustaceans. By the breeding season, the fish can lay 161,000 eggs. Common English name Yellow tail scad, Travelly, Shortbodied mackerel, Yellow scad Australian market name Yellowtail scad Japanese name Mabuta-shima-aji, Mate-aji Spanish name Jurel rabo. amarillo<br \/>\n<img loading=\"lazy\" decoding=\"async\" class=\"aligncenter size-full wp-image-363\" src=\"http:\/\/nghilocfoods.com\/wp-content\/uploads\/2020\/01\/cagannuongphomai.jpg\" alt=\"Cagannuongphomai\" width=\"600\" height=\"383\" \/>Characteristics<\/p>\n<p>Size 150\u2013200 mm. The body is oval, relatively long. The back and waist are well arched. Body length is 2.9-3.3 times of body height, equal to 3.5-3.7 times of head length. The dorsal fins are separate, the anal fin is symmetrical with the second dorsal fin, the last rays of these fins are longer than the previous dorsal rays as the separate auxiliary fins. The pectoral fins are small, elongated, extending beyond the starting point of the lateral line. The upper half of the body has reddish brown horizontal bands. The angle on the gillbone has a large black spot. Dorsal and caudal fins pale yellow.<\/p>\n<p>Value<\/p>\n<p>Mercury fish is a very delicious fish, so it is used as a food to prepare many dishes such as fried fish with lemongrass and chili is a very new and strange dish. Some other dishes from mercury fish such as mixed fried mercury fish They are economically valuable species, harvest year-round, can be eaten fresh, dried.<\/p>\n<p>In Viet Nam<\/p>\n<p>In Vietnam, mercury fish is widely exploited in the waters of Vung Tau, Ben Tre and Kien Giang, and in Phu Quoc, there is a similar size of bivalve mercury in this species. The recipe is similar to the fish only. Although mercury is not a common food, it has a fairly simple way of processing<\/p>","protected":false},"excerpt":{"rendered":"<ul>\n<li><span style=\"font-size: 16px;\">Vietnamese Name:<span class=\"apple-converted-space\"> C\u00e1 Ng\u00e2n<\/span><\/span><\/li>\n<li>FROZEN YELLOWTAIL SCAD<\/li>\n<li><span style=\"font-size: 16px;\">Latin name:<span class=\"apple-converted-space\"> <strong><em>Atule Mate<\/em><\/strong><\/span><\/span><\/li>\n<li>Style:<span class=\"apple-converted-space\"> Frozen IQF or Block<\/span><\/li>\n<li>Size (pcs\/kg): 6\/8, 8\/10, 10\/12, 12\/14<\/li>\n<li>Product by: Nghi Loc Seafoods<\/li>\n<\/ul>\n","protected":false},"featured_media":363,"template":"","meta":[],"product_cat":[16],"product_tag":[],"yoast_head":"<!-- This site is optimized with the Yoast SEO plugin v22.5 - https:\/\/yoast.com\/wordpress\/plugins\/seo\/ -->\n<title>FROZEN YELLOWTAIL SCAD - XU\u1ea4T NH\u1eacP KH\u1ea8U AC PH\u00daC L\u1ed8C PH\u00c1T<\/title>\n<meta name=\"robots\" content=\"index, follow, max-snippet:-1, max-image-preview:large, max-video-preview:-1\" \/>\n<link rel=\"canonical\" href=\"https:\/\/thinhvuongseafood.com\/san-pham\/ca-ngan\/\" \/>\n<meta property=\"og:locale\" content=\"en_US\" \/>\n<meta property=\"og:type\" content=\"article\" \/>\n<meta property=\"og:title\" content=\"[:vi]C\u00c1 NG\u00c2N[:en]FROZEN YELLOWTAIL SCAD[:] - XU\u1ea4T NH\u1eacP KH\u1ea8U AC PH\u00daC L\u1ed8C PH\u00c1T\" \/>\n<meta property=\"og:description\" content=\"[:vi]  Vietnamese Name: C\u00e1 Ng\u00e2n  FROZEN YELLOWTAIL SCAD  Latin name: Atule Mate  Style: Frozen IQF or Block  Size (pcs\/kg): 6\/8, 8\/10, 10\/12, 12\/14  S\u1ea3n xu\u1ea5t b\u1edfi: Ph\u00fac L\u1ed9c Ph\u00e1t Group [:en]  Vietnamese Name: C\u00e1 Ng\u00e2n  FROZEN YELLOWTAIL SCAD  Latin name: Atule Mate  Style: Frozen IQF or Block  Size (pcs\/kg): 6\/8, 8\/10, 10\/12, 12\/14  Product by: Nghi Loc Seafoods [:]\" \/>\n<meta property=\"og:url\" content=\"https:\/\/thinhvuongseafood.com\/san-pham\/ca-ngan\/\" \/>\n<meta property=\"og:site_name\" content=\"XU\u1ea4T NH\u1eacP KH\u1ea8U AC PH\u00daC L\u1ed8C PH\u00c1T\" \/>\n<meta property=\"article:modified_time\" content=\"2023-05-25T03:38:16+00:00\" \/>\n<meta property=\"og:image\" content=\"https:\/\/thinhvuongseafood.com\/wp-content\/uploads\/2020\/01\/cagannuongphomai.jpg\" \/>\n\t<meta property=\"og:image:width\" content=\"600\" \/>\n\t<meta property=\"og:image:height\" content=\"383\" \/>\n\t<meta property=\"og:image:type\" content=\"image\/jpeg\" \/>\n<meta name=\"twitter:card\" content=\"summary_large_image\" \/>\n<meta name=\"twitter:label1\" content=\"Est. reading time\" \/>\n\t<meta name=\"twitter:data1\" content=\"5 minutes\" \/>\n<script type=\"application\/ld+json\" class=\"yoast-schema-graph\">{\"@context\":\"https:\/\/schema.org\",\"@graph\":[{\"@type\":\"WebPage\",\"@id\":\"https:\/\/thinhvuongseafood.com\/san-pham\/ca-ngan\/\",\"url\":\"https:\/\/thinhvuongseafood.com\/san-pham\/ca-ngan\/\",\"name\":\"[:vi]C\u00c1 NG\u00c2N[:en]FROZEN YELLOWTAIL SCAD[:] - XU\u1ea4T NH\u1eacP KH\u1ea8U AC PH\u00daC L\u1ed8C PH\u00c1T\",\"isPartOf\":{\"@id\":\"https:\/\/thinhvuongseafood.com\/en\/#website\"},\"primaryImageOfPage\":{\"@id\":\"https:\/\/thinhvuongseafood.com\/san-pham\/ca-ngan\/#primaryimage\"},\"image\":{\"@id\":\"https:\/\/thinhvuongseafood.com\/san-pham\/ca-ngan\/#primaryimage\"},\"thumbnailUrl\":\"https:\/\/thinhvuongseafood.com\/wp-content\/uploads\/2020\/01\/cagannuongphomai.jpg\",\"datePublished\":\"2020-01-09T17:00:54+00:00\",\"dateModified\":\"2023-05-25T03:38:16+00:00\",\"breadcrumb\":{\"@id\":\"https:\/\/thinhvuongseafood.com\/san-pham\/ca-ngan\/#breadcrumb\"},\"inLanguage\":\"en-US\",\"potentialAction\":[{\"@type\":\"ReadAction\",\"target\":[\"https:\/\/thinhvuongseafood.com\/san-pham\/ca-ngan\/\"]}]},{\"@type\":\"ImageObject\",\"inLanguage\":\"en-US\",\"@id\":\"https:\/\/thinhvuongseafood.com\/san-pham\/ca-ngan\/#primaryimage\",\"url\":\"https:\/\/thinhvuongseafood.com\/wp-content\/uploads\/2020\/01\/cagannuongphomai.jpg\",\"contentUrl\":\"https:\/\/thinhvuongseafood.com\/wp-content\/uploads\/2020\/01\/cagannuongphomai.jpg\",\"width\":600,\"height\":383,\"caption\":\"Cagannuongphomai\"},{\"@type\":\"BreadcrumbList\",\"@id\":\"https:\/\/thinhvuongseafood.com\/san-pham\/ca-ngan\/#breadcrumb\",\"itemListElement\":[{\"@type\":\"ListItem\",\"position\":1,\"name\":\"Trang ch\u1ee7\",\"item\":\"https:\/\/thinhvuongseafood.com\/en\/\"},{\"@type\":\"ListItem\",\"position\":2,\"name\":\"Store\",\"item\":\"https:\/\/thinhvuongseafood.com\/en\/cua-hang\/\"},{\"@type\":\"ListItem\",\"position\":3,\"name\":\"C\u00c1 NG\u00c2N\"}]},{\"@type\":\"WebSite\",\"@id\":\"https:\/\/thinhvuongseafood.com\/en\/#website\",\"url\":\"https:\/\/thinhvuongseafood.com\/en\/\",\"name\":\"XU\u1ea4T NH\u1eacP KH\u1ea8U AC PH\u00daC L\u1ed8C PH\u00c1T\",\"description\":\"\",\"potentialAction\":[{\"@type\":\"SearchAction\",\"target\":{\"@type\":\"EntryPoint\",\"urlTemplate\":\"https:\/\/thinhvuongseafood.com\/en\/?s={search_term_string}\"},\"query-input\":\"required name=search_term_string\"}],\"inLanguage\":\"en-US\"}]}<\/script>\n<!-- \/ Yoast SEO plugin. -->","yoast_head_json":{"title":"[:vi]C\u00c1 NG\u00c2N[:en]FROZEN YELLOWTAIL SCAD[:] - XU\u1ea4T NH\u1eacP KH\u1ea8U AC PH\u00daC L\u1ed8C PH\u00c1T","robots":{"index":"index","follow":"follow","max-snippet":"max-snippet:-1","max-image-preview":"max-image-preview:large","max-video-preview":"max-video-preview:-1"},"canonical":"https:\/\/thinhvuongseafood.com\/san-pham\/ca-ngan\/","og_locale":"en_US","og_type":"article","og_title":"[:vi]C\u00c1 NG\u00c2N[:en]FROZEN YELLOWTAIL SCAD[:] - XU\u1ea4T NH\u1eacP KH\u1ea8U AC PH\u00daC L\u1ed8C PH\u00c1T","og_description":"[:vi]  Vietnamese Name: C\u00e1 Ng\u00e2n  FROZEN YELLOWTAIL SCAD  Latin name: Atule Mate  Style: Frozen IQF or Block  Size (pcs\/kg): 6\/8, 8\/10, 10\/12, 12\/14  S\u1ea3n xu\u1ea5t b\u1edfi: Ph\u00fac L\u1ed9c Ph\u00e1t Group [:en]  Vietnamese Name: C\u00e1 Ng\u00e2n  FROZEN YELLOWTAIL SCAD  Latin name: Atule Mate  Style: Frozen IQF or Block  Size (pcs\/kg): 6\/8, 8\/10, 10\/12, 12\/14  Product by: Nghi Loc Seafoods [:]","og_url":"https:\/\/thinhvuongseafood.com\/san-pham\/ca-ngan\/","og_site_name":"XU\u1ea4T NH\u1eacP KH\u1ea8U AC PH\u00daC L\u1ed8C PH\u00c1T","article_modified_time":"2023-05-25T03:38:16+00:00","og_image":[{"width":600,"height":383,"url":"https:\/\/thinhvuongseafood.com\/wp-content\/uploads\/2020\/01\/cagannuongphomai.jpg","type":"image\/jpeg"}],"twitter_card":"summary_large_image","twitter_misc":{"Est. reading time":"5 minutes"},"schema":{"@context":"https:\/\/schema.org","@graph":[{"@type":"WebPage","@id":"https:\/\/thinhvuongseafood.com\/san-pham\/ca-ngan\/","url":"https:\/\/thinhvuongseafood.com\/san-pham\/ca-ngan\/","name":"[:vi]C\u00c1 NG\u00c2N[:en]FROZEN YELLOWTAIL SCAD[:] - XU\u1ea4T NH\u1eacP KH\u1ea8U AC PH\u00daC L\u1ed8C PH\u00c1T","isPartOf":{"@id":"https:\/\/thinhvuongseafood.com\/en\/#website"},"primaryImageOfPage":{"@id":"https:\/\/thinhvuongseafood.com\/san-pham\/ca-ngan\/#primaryimage"},"image":{"@id":"https:\/\/thinhvuongseafood.com\/san-pham\/ca-ngan\/#primaryimage"},"thumbnailUrl":"https:\/\/thinhvuongseafood.com\/wp-content\/uploads\/2020\/01\/cagannuongphomai.jpg","datePublished":"2020-01-09T17:00:54+00:00","dateModified":"2023-05-25T03:38:16+00:00","breadcrumb":{"@id":"https:\/\/thinhvuongseafood.com\/san-pham\/ca-ngan\/#breadcrumb"},"inLanguage":"en-US","potentialAction":[{"@type":"ReadAction","target":["https:\/\/thinhvuongseafood.com\/san-pham\/ca-ngan\/"]}]},{"@type":"ImageObject","inLanguage":"en-US","@id":"https:\/\/thinhvuongseafood.com\/san-pham\/ca-ngan\/#primaryimage","url":"https:\/\/thinhvuongseafood.com\/wp-content\/uploads\/2020\/01\/cagannuongphomai.jpg","contentUrl":"https:\/\/thinhvuongseafood.com\/wp-content\/uploads\/2020\/01\/cagannuongphomai.jpg","width":600,"height":383,"caption":"Cagannuongphomai"},{"@type":"BreadcrumbList","@id":"https:\/\/thinhvuongseafood.com\/san-pham\/ca-ngan\/#breadcrumb","itemListElement":[{"@type":"ListItem","position":1,"name":"Trang ch\u1ee7","item":"https:\/\/thinhvuongseafood.com\/en\/"},{"@type":"ListItem","position":2,"name":"Store","item":"https:\/\/thinhvuongseafood.com\/en\/cua-hang\/"},{"@type":"ListItem","position":3,"name":"C\u00c1 NG\u00c2N"}]},{"@type":"WebSite","@id":"https:\/\/thinhvuongseafood.com\/en\/#website","url":"https:\/\/thinhvuongseafood.com\/en\/","name":"XU\u1ea4T NH\u1eacP KH\u1ea8U AC PH\u00daC L\u1ed8C PH\u00c1T","description":"","potentialAction":[{"@type":"SearchAction","target":{"@type":"EntryPoint","urlTemplate":"https:\/\/thinhvuongseafood.com\/en\/?s={search_term_string}"},"query-input":"required name=search_term_string"}],"inLanguage":"en-US"}]}},"_links":{"self":[{"href":"https:\/\/thinhvuongseafood.com\/en\/wp-json\/wp\/v2\/product\/362"}],"collection":[{"href":"https:\/\/thinhvuongseafood.com\/en\/wp-json\/wp\/v2\/product"}],"about":[{"href":"https:\/\/thinhvuongseafood.com\/en\/wp-json\/wp\/v2\/types\/product"}],"wp:featuredmedia":[{"embeddable":true,"href":"https:\/\/thinhvuongseafood.com\/en\/wp-json\/wp\/v2\/media\/363"}],"wp:attachment":[{"href":"https:\/\/thinhvuongseafood.com\/en\/wp-json\/wp\/v2\/media?parent=362"}],"wp:term":[{"taxonomy":"product_cat","embeddable":true,"href":"https:\/\/thinhvuongseafood.com\/en\/wp-json\/wp\/v2\/product_cat?post=362"},{"taxonomy":"product_tag","embeddable":true,"href":"https:\/\/thinhvuongseafood.com\/en\/wp-json\/wp\/v2\/product_tag?post=362"}],"curies":[{"name":"wp","href":"https:\/\/api.w.org\/{rel}","templated":true}]}}