{"id":355,"date":"2020-01-09T22:35:46","date_gmt":"2020-01-09T15:35:46","guid":{"rendered":"http:\/\/nghilocfoods.com\/?post_type=product&#038;p=355"},"modified":"2023-05-25T10:39:08","modified_gmt":"2023-05-25T03:39:08","slug":"ca-tre-di-bo","status":"publish","type":"product","link":"https:\/\/thinhvuongseafood.com\/en\/san-pham\/walking-catfish\/","title":{"rendered":"WALKING CATFISH"},"content":{"rendered":"<p><\/p>\n<div class=\"jhH5U r-idk_r9GZ5vws\" data-rtid=\"idk_r9GZ5vws\">\n<div id=\"tw-ob\" class=\"tw-src-ltr\">\n<div class=\"oSioSc\">\n<div id=\"tw-target\">\n<div id=\"kAz1tf\" class=\"g9WsWb\">\n<div id=\"tw-target-text-container\" class=\"tw-ta-container tw-nfl\" tabindex=\"0\">\n<p id=\"tw-target-text\" class=\"tw-data-text tw-text-large tw-ta\" dir=\"ltr\" data-placeholder=\"B\u1ea3n d\u1ecbch\"><span lang=\"en\">Catfish is a species of freshwater fish, living in ponds, lakes, and water fields with a lot of mud. The breeding season starts from April to September, focusing mainly in May and July. Not only is the food with high nutritional value, catfish also has very good curative effect.<\/span><\/p>\n<\/div>\n<\/div>\n<\/div>\n<\/div>\n<\/div>\n<\/div>\n<div class=\"jhH5U r-idk_r9GZ5vws\" data-rtid=\"idk_r9GZ5vws\">\n<div id=\"tw-ob\" class=\"tw-src-ltr\">\n<div class=\"oSioSc\">\n<div id=\"tw-target\">\n<div id=\"kAz1tf\" class=\"g9WsWb\">\n<div id=\"tw-target-text-container\" class=\"tw-ta-container tw-nfl\" tabindex=\"0\">\n<p id=\"tw-target-text\" class=\"tw-data-text tw-text-large tw-ta\" dir=\"ltr\" data-placeholder=\"B\u1ea3n d\u1ecbch\"><span lang=\"en\">According to research by the Institute of Nutrition, catfish contains 16.5% protid, 11.9% lipid, 20mg% Ca, 21mg% P, 1mg% Fe, 0.1mg% vitamin B1, 0.04mg% B2, 1, 4mg% PP and provides 178 calories in 100g of meat. According to traditional medicine, catfish meat has a sweet, calm, tonic, blood-relieving, analgesic, regenerating, helpful, promoting milk, diuretic, etc.<\/span><\/p>\n<\/div>\n<\/div>\n<\/div>\n<\/div>\n<\/div>\n<\/div>\n<div class=\"jhH5U r-idk_r9GZ5vws\" data-rtid=\"idk_r9GZ5vws\">\n<div id=\"tw-ob\" class=\"tw-src-ltr\">\n<div class=\"oSioSc\">\n<div id=\"tw-target\">\n<div id=\"kAz1tf\" class=\"g9WsWb\">\n<div id=\"tw-target-text-container\" class=\"tw-ta-container tw-nfl\" tabindex=\"0\">\n<p id=\"tw-target-text\" class=\"tw-data-text tw-text-large tw-ta\" dir=\"ltr\" data-placeholder=\"B\u1ea3n d\u1ecbch\"><strong><span lang=\"en\">Some dishes, remedies from catfish<\/span><\/strong><\/p>\n<\/div>\n<\/div>\n<\/div>\n<\/div>\n<\/div>\n<\/div>\n<div class=\"jhH5U r-idk_r9GZ5vws\" data-rtid=\"idk_r9GZ5vws\">\n<div id=\"tw-ob\" class=\"tw-src-ltr\">\n<div class=\"oSioSc\">\n<div id=\"tw-target\">\n<div id=\"kAz1tf\" class=\"g9WsWb\">\n<div id=\"tw-target-text-container\" class=\"tw-ta-container tw-nfl\" tabindex=\"0\">\n<p id=\"tw-target-text\" class=\"tw-data-text tw-text-large tw-ta\" dir=\"ltr\" data-placeholder=\"B\u1ea3n d\u1ecbch\"><span lang=\"en\">Cooling, cooling: Clarias fishes are cleaned, cut or let whole fish marinate with galangal, turmeric, seasoning powder, fish sauce to absorb evenly. North pan fried onion oil to cook, put the fish on the island, then boil the water, cover the fish, and simmer for cooked fish to eat hot with rice.<\/span><\/p>\n<\/div>\n<div id=\"z6maec\" class=\"tw-ta-container tw-nfl\"><\/div>\n<\/div>\n<\/div>\n<\/div>\n<\/div>\n<\/div>\n<div class=\"jhH5U r-idk_r9GZ5vws\" data-rtid=\"idk_r9GZ5vws\">\n<div id=\"tw-ob\" class=\"tw-src-ltr\">\n<div class=\"oSioSc\">\n<div id=\"tw-target\">\n<div id=\"kAz1tf\" class=\"g9WsWb\">\n<div id=\"tw-target-text-container\" class=\"tw-ta-container tw-nfl\" tabindex=\"0\">\n<p id=\"tw-target-text\" class=\"tw-data-text tw-text-large tw-ta\" dir=\"ltr\" data-placeholder=\"B\u1ea3n d\u1ecbch\"><span lang=\"en\">Catfish cooked with black beans has the effect of spleen, blood, and menstrual.<\/span><\/p>\n<\/div>\n<div id=\"z6maec\" class=\"tw-ta-container tw-nfl\">\n<p id=\"tw-target-text\" class=\"tw-data-text tw-text-large tw-ta\" dir=\"ltr\" data-placeholder=\"B\u1ea3n d\u1ecbch\"><span lang=\"en\">Spleen conditions, blood health, menstruation: catfish 250g, black beans 150g. Clarias catfish cleansing, removing gill, intestines, chopping. Black beans washed, cooked black beans, then put catfish into the stew with black beans until the fish cooked, add spices to eat hot. <\/span><\/p>\n<\/div>\n<\/div>\n<\/div>\n<\/div>\n<\/div>\n<\/div>\n<div class=\"jhH5U r-idk_r9GZ5vws\" data-rtid=\"idk_r9GZ5vws\">\n<div id=\"tw-ob\" class=\"tw-src-ltr\">\n<div class=\"oSioSc\">\n<div id=\"tw-target\">\n<div id=\"kAz1tf\" class=\"g9WsWb\">\n<div id=\"tw-target-text-container\" class=\"tw-ta-container tw-nfl\" tabindex=\"0\">\n<p id=\"tw-target-text\" class=\"tw-data-text tw-text-large tw-ta\" dir=\"ltr\" data-placeholder=\"B\u1ea3n d\u1ecbch\"><span lang=\"en\">Increasing lactation in pregnant women after giving birth: 1 catfish 250g, 3 slices of ginger, 2 eggs of chicken. Make catfish clean, cut into chunks and put in a pan with grease, ginger, fragrant fry, take out the pot, pour enough water, bring to a boil, then lower the heat to simmer for about 1 hour. whatever. Eat breakfast, eat 5-7 days.<\/span><\/p>\n<\/div>\n<\/div>\n<\/div>\n<\/div>\n<\/div>\n<\/div>\n<div class=\"jhH5U r-idk_r9GZ5vws\" data-rtid=\"idk_r9GZ5vws\">\n<div id=\"tw-ob\" class=\"tw-src-ltr\">\n<div class=\"oSioSc\">\n<div id=\"tw-target\">\n<div id=\"kAz1tf\" class=\"g9WsWb\">\n<div id=\"tw-target-text-container\" class=\"tw-ta-container tw-nfl\" tabindex=\"0\">\n<p id=\"tw-target-text\" class=\"tw-data-text tw-text-large tw-ta\" dir=\"ltr\" data-placeholder=\"B\u1ea3n d\u1ecbch\"><span lang=\"en\">Supportive treatment of diabetes: Clarias catfish 250g cleaned, dropped into boiling boiled water, fished out and filtered, then fish meat into boiling water and rice boiled with porridge, salt, fresh seasoning powder to taste. Each day a bowl of meals. Diabetics often use this dish very well.<\/span><\/p>\n<\/div>\n<\/div>\n<\/div>\n<\/div>\n<\/div>\n<\/div>\n<p><\/p>","protected":false},"excerpt":{"rendered":"<ul>\n<li>C\u00c1 TR\u00ca \u0110I B\u1ed8<\/li>\n<li>WALKING CATFISH<\/li>\n<li>Latin name: Clariidae<\/li>\n<li>Size(gr\/pc): 300\/500, 500\/700, 700up<\/li>\n<li>Product by: Nghi Loc Seafoods<\/li>\n<\/ul>\n","protected":false},"featured_media":356,"template":"","meta":[],"product_cat":[17],"product_tag":[],"yoast_head":"<!-- This site is optimized with the Yoast SEO plugin v22.5 - https:\/\/yoast.com\/wordpress\/plugins\/seo\/ -->\n<title>WALKING CATFISH - XU\u1ea4T NH\u1eacP KH\u1ea8U AC PH\u00daC L\u1ed8C PH\u00c1T<\/title>\n<meta name=\"robots\" content=\"index, follow, max-snippet:-1, max-image-preview:large, max-video-preview:-1\" \/>\n<link rel=\"canonical\" href=\"https:\/\/thinhvuongseafood.com\/san-pham\/ca-tre-di-bo\/\" \/>\n<meta property=\"og:locale\" content=\"en_US\" \/>\n<meta property=\"og:type\" content=\"article\" \/>\n<meta property=\"og:title\" content=\"[:vi]C\u00c1 TR\u00ca \u0110I B\u1ed8[:en]WALKING CATFISH[:] - XU\u1ea4T NH\u1eacP KH\u1ea8U AC PH\u00daC L\u1ed8C PH\u00c1T\" \/>\n<meta property=\"og:description\" content=\"[:vi]  C\u00c1 TR\u00ca \u0110I B\u1ed8  WALKING CATFISH  Latin name: Clariidae  Size(gr\/pc): 300\/500, 500\/700, 700up  S\u1ea3n xu\u1ea5t b\u1edfi: Ph\u00fac L\u1ed9c Ph\u00e1t Group [:en]  C\u00c1 TR\u00ca \u0110I B\u1ed8  WALKING CATFISH  Latin name: Clariidae  Size(gr\/pc): 300\/500, 500\/700, 700up  Product by: Nghi Loc Seafoods [:]\" \/>\n<meta property=\"og:url\" content=\"https:\/\/thinhvuongseafood.com\/san-pham\/ca-tre-di-bo\/\" \/>\n<meta property=\"og:site_name\" content=\"XU\u1ea4T NH\u1eacP KH\u1ea8U AC PH\u00daC L\u1ed8C PH\u00c1T\" \/>\n<meta property=\"article:modified_time\" content=\"2023-05-25T03:39:08+00:00\" \/>\n<meta property=\"og:image\" content=\"https:\/\/thinhvuongseafood.com\/wp-content\/uploads\/2020\/01\/60a7fe4011d999863b42ac90e428bebc.jpg\" \/>\n\t<meta property=\"og:image:width\" content=\"300\" \/>\n\t<meta property=\"og:image:height\" content=\"200\" \/>\n\t<meta property=\"og:image:type\" content=\"image\/jpeg\" \/>\n<meta name=\"twitter:card\" content=\"summary_large_image\" \/>\n<meta name=\"twitter:label1\" content=\"Est. reading time\" \/>\n\t<meta name=\"twitter:data1\" content=\"6 minutes\" \/>\n<script type=\"application\/ld+json\" class=\"yoast-schema-graph\">{\"@context\":\"https:\/\/schema.org\",\"@graph\":[{\"@type\":\"WebPage\",\"@id\":\"https:\/\/thinhvuongseafood.com\/san-pham\/ca-tre-di-bo\/\",\"url\":\"https:\/\/thinhvuongseafood.com\/san-pham\/ca-tre-di-bo\/\",\"name\":\"[:vi]C\u00c1 TR\u00ca \u0110I B\u1ed8[:en]WALKING CATFISH[:] - XU\u1ea4T NH\u1eacP KH\u1ea8U AC PH\u00daC L\u1ed8C PH\u00c1T\",\"isPartOf\":{\"@id\":\"https:\/\/thinhvuongseafood.com\/en\/#website\"},\"primaryImageOfPage\":{\"@id\":\"https:\/\/thinhvuongseafood.com\/san-pham\/ca-tre-di-bo\/#primaryimage\"},\"image\":{\"@id\":\"https:\/\/thinhvuongseafood.com\/san-pham\/ca-tre-di-bo\/#primaryimage\"},\"thumbnailUrl\":\"https:\/\/thinhvuongseafood.com\/wp-content\/uploads\/2020\/01\/60a7fe4011d999863b42ac90e428bebc.jpg\",\"datePublished\":\"2020-01-09T15:35:46+00:00\",\"dateModified\":\"2023-05-25T03:39:08+00:00\",\"breadcrumb\":{\"@id\":\"https:\/\/thinhvuongseafood.com\/san-pham\/ca-tre-di-bo\/#breadcrumb\"},\"inLanguage\":\"en-US\",\"potentialAction\":[{\"@type\":\"ReadAction\",\"target\":[\"https:\/\/thinhvuongseafood.com\/san-pham\/ca-tre-di-bo\/\"]}]},{\"@type\":\"ImageObject\",\"inLanguage\":\"en-US\",\"@id\":\"https:\/\/thinhvuongseafood.com\/san-pham\/ca-tre-di-bo\/#primaryimage\",\"url\":\"https:\/\/thinhvuongseafood.com\/wp-content\/uploads\/2020\/01\/60a7fe4011d999863b42ac90e428bebc.jpg\",\"contentUrl\":\"https:\/\/thinhvuongseafood.com\/wp-content\/uploads\/2020\/01\/60a7fe4011d999863b42ac90e428bebc.jpg\",\"width\":300,\"height\":200,\"caption\":\"60a7fe4011d999863b42ac90e428bebc\"},{\"@type\":\"BreadcrumbList\",\"@id\":\"https:\/\/thinhvuongseafood.com\/san-pham\/ca-tre-di-bo\/#breadcrumb\",\"itemListElement\":[{\"@type\":\"ListItem\",\"position\":1,\"name\":\"Trang ch\u1ee7\",\"item\":\"https:\/\/thinhvuongseafood.com\/en\/\"},{\"@type\":\"ListItem\",\"position\":2,\"name\":\"Store\",\"item\":\"https:\/\/thinhvuongseafood.com\/en\/cua-hang\/\"},{\"@type\":\"ListItem\",\"position\":3,\"name\":\"C\u00c1 TR\u00ca \u0110I B\u1ed8\"}]},{\"@type\":\"WebSite\",\"@id\":\"https:\/\/thinhvuongseafood.com\/en\/#website\",\"url\":\"https:\/\/thinhvuongseafood.com\/en\/\",\"name\":\"XU\u1ea4T NH\u1eacP KH\u1ea8U AC PH\u00daC L\u1ed8C PH\u00c1T\",\"description\":\"\",\"potentialAction\":[{\"@type\":\"SearchAction\",\"target\":{\"@type\":\"EntryPoint\",\"urlTemplate\":\"https:\/\/thinhvuongseafood.com\/en\/?s={search_term_string}\"},\"query-input\":\"required name=search_term_string\"}],\"inLanguage\":\"en-US\"}]}<\/script>\n<!-- \/ Yoast SEO plugin. -->","yoast_head_json":{"title":"[:vi]C\u00c1 TR\u00ca \u0110I B\u1ed8[:en]WALKING CATFISH[:] - XU\u1ea4T NH\u1eacP KH\u1ea8U AC PH\u00daC L\u1ed8C PH\u00c1T","robots":{"index":"index","follow":"follow","max-snippet":"max-snippet:-1","max-image-preview":"max-image-preview:large","max-video-preview":"max-video-preview:-1"},"canonical":"https:\/\/thinhvuongseafood.com\/san-pham\/ca-tre-di-bo\/","og_locale":"en_US","og_type":"article","og_title":"[:vi]C\u00c1 TR\u00ca \u0110I B\u1ed8[:en]WALKING CATFISH[:] - XU\u1ea4T NH\u1eacP KH\u1ea8U AC PH\u00daC L\u1ed8C PH\u00c1T","og_description":"[:vi]  C\u00c1 TR\u00ca \u0110I B\u1ed8  WALKING CATFISH  Latin name: Clariidae  Size(gr\/pc): 300\/500, 500\/700, 700up  S\u1ea3n xu\u1ea5t b\u1edfi: Ph\u00fac L\u1ed9c Ph\u00e1t Group [:en]  C\u00c1 TR\u00ca \u0110I B\u1ed8  WALKING CATFISH  Latin name: Clariidae  Size(gr\/pc): 300\/500, 500\/700, 700up  Product by: Nghi Loc Seafoods [:]","og_url":"https:\/\/thinhvuongseafood.com\/san-pham\/ca-tre-di-bo\/","og_site_name":"XU\u1ea4T NH\u1eacP KH\u1ea8U AC PH\u00daC L\u1ed8C PH\u00c1T","article_modified_time":"2023-05-25T03:39:08+00:00","og_image":[{"width":300,"height":200,"url":"https:\/\/thinhvuongseafood.com\/wp-content\/uploads\/2020\/01\/60a7fe4011d999863b42ac90e428bebc.jpg","type":"image\/jpeg"}],"twitter_card":"summary_large_image","twitter_misc":{"Est. reading time":"6 minutes"},"schema":{"@context":"https:\/\/schema.org","@graph":[{"@type":"WebPage","@id":"https:\/\/thinhvuongseafood.com\/san-pham\/ca-tre-di-bo\/","url":"https:\/\/thinhvuongseafood.com\/san-pham\/ca-tre-di-bo\/","name":"[:vi]C\u00c1 TR\u00ca \u0110I B\u1ed8[:en]WALKING CATFISH[:] - XU\u1ea4T NH\u1eacP KH\u1ea8U AC PH\u00daC L\u1ed8C PH\u00c1T","isPartOf":{"@id":"https:\/\/thinhvuongseafood.com\/en\/#website"},"primaryImageOfPage":{"@id":"https:\/\/thinhvuongseafood.com\/san-pham\/ca-tre-di-bo\/#primaryimage"},"image":{"@id":"https:\/\/thinhvuongseafood.com\/san-pham\/ca-tre-di-bo\/#primaryimage"},"thumbnailUrl":"https:\/\/thinhvuongseafood.com\/wp-content\/uploads\/2020\/01\/60a7fe4011d999863b42ac90e428bebc.jpg","datePublished":"2020-01-09T15:35:46+00:00","dateModified":"2023-05-25T03:39:08+00:00","breadcrumb":{"@id":"https:\/\/thinhvuongseafood.com\/san-pham\/ca-tre-di-bo\/#breadcrumb"},"inLanguage":"en-US","potentialAction":[{"@type":"ReadAction","target":["https:\/\/thinhvuongseafood.com\/san-pham\/ca-tre-di-bo\/"]}]},{"@type":"ImageObject","inLanguage":"en-US","@id":"https:\/\/thinhvuongseafood.com\/san-pham\/ca-tre-di-bo\/#primaryimage","url":"https:\/\/thinhvuongseafood.com\/wp-content\/uploads\/2020\/01\/60a7fe4011d999863b42ac90e428bebc.jpg","contentUrl":"https:\/\/thinhvuongseafood.com\/wp-content\/uploads\/2020\/01\/60a7fe4011d999863b42ac90e428bebc.jpg","width":300,"height":200,"caption":"60a7fe4011d999863b42ac90e428bebc"},{"@type":"BreadcrumbList","@id":"https:\/\/thinhvuongseafood.com\/san-pham\/ca-tre-di-bo\/#breadcrumb","itemListElement":[{"@type":"ListItem","position":1,"name":"Trang ch\u1ee7","item":"https:\/\/thinhvuongseafood.com\/en\/"},{"@type":"ListItem","position":2,"name":"Store","item":"https:\/\/thinhvuongseafood.com\/en\/cua-hang\/"},{"@type":"ListItem","position":3,"name":"C\u00c1 TR\u00ca \u0110I B\u1ed8"}]},{"@type":"WebSite","@id":"https:\/\/thinhvuongseafood.com\/en\/#website","url":"https:\/\/thinhvuongseafood.com\/en\/","name":"XU\u1ea4T NH\u1eacP KH\u1ea8U AC PH\u00daC L\u1ed8C PH\u00c1T","description":"","potentialAction":[{"@type":"SearchAction","target":{"@type":"EntryPoint","urlTemplate":"https:\/\/thinhvuongseafood.com\/en\/?s={search_term_string}"},"query-input":"required name=search_term_string"}],"inLanguage":"en-US"}]}},"_links":{"self":[{"href":"https:\/\/thinhvuongseafood.com\/en\/wp-json\/wp\/v2\/product\/355"}],"collection":[{"href":"https:\/\/thinhvuongseafood.com\/en\/wp-json\/wp\/v2\/product"}],"about":[{"href":"https:\/\/thinhvuongseafood.com\/en\/wp-json\/wp\/v2\/types\/product"}],"wp:featuredmedia":[{"embeddable":true,"href":"https:\/\/thinhvuongseafood.com\/en\/wp-json\/wp\/v2\/media\/356"}],"wp:attachment":[{"href":"https:\/\/thinhvuongseafood.com\/en\/wp-json\/wp\/v2\/media?parent=355"}],"wp:term":[{"taxonomy":"product_cat","embeddable":true,"href":"https:\/\/thinhvuongseafood.com\/en\/wp-json\/wp\/v2\/product_cat?post=355"},{"taxonomy":"product_tag","embeddable":true,"href":"https:\/\/thinhvuongseafood.com\/en\/wp-json\/wp\/v2\/product_tag?post=355"}],"curies":[{"name":"wp","href":"https:\/\/api.w.org\/{rel}","templated":true}]}}