{"id":348,"date":"2020-01-09T16:56:55","date_gmt":"2020-01-09T09:56:55","guid":{"rendered":"http:\/\/nghilocfoods.com\/?post_type=product&#038;p=348"},"modified":"2023-05-25T10:39:24","modified_gmt":"2023-05-25T03:39:24","slug":"ca-loc-dong","status":"publish","type":"product","link":"https:\/\/thinhvuongseafood.com\/en\/san-pham\/snake-head\/","title":{"rendered":"SNAKE HEAD"},"content":{"rendered":"<p><\/p>\n<div id=\"KnM9nf\">\n<div id=\"tw-source\">\n<div id=\"tw-source-text-container\" class=\"tw-ta-container tw-nfl\"><span style=\"font-size: 1rem;\">Snakehead fish, medicinal food<\/span><\/div>\n<\/div>\n<\/div>\n<div class=\"oSioSc\">\n<div id=\"tw-target\">\n<div id=\"kAz1tf\" class=\"g9WsWb\">\n<div id=\"tw-target-text-container\" class=\"tw-ta-container tw-nfl\">\n<p class=\"tw-data-text tw-text-large tw-ta\" dir=\"ltr\" data-placeholder=\"B\u1ea3n d\u1ecbch\"><span lang=\"en\" tabindex=\"0\">According to Oriental medicine, snakehead fish is sweet, neutral, non-toxic, has the effect of tonifying blood, tendons, except phlegm (good for cases of lung diseases), treating women with less milk, fostering for new people recover because they are easily absorbed <\/span><\/p>\n<p class=\"tw-data-text tw-text-large tw-ta\" dir=\"ltr\" data-placeholder=\"B\u1ea3n d\u1ecbch\"><span lang=\"en\" tabindex=\"0\">Snakehead fish (also known as betel fish, banana fish, fruit, flower fish, snapper &#8230;), is a freshwater fish, living naturally outside rivers, streams, fields, ponds, canals. Not only used as food, snakehead fish is also used in the treatment of diseases. <\/span><\/p>\n<p class=\"tw-data-text tw-text-large tw-ta\" dir=\"ltr\" data-placeholder=\"B\u1ea3n d\u1ecbch\"><span lang=\"en\" tabindex=\"0\">According to Oriental medicine, snakehead fish is sweet, neutral, non-toxic, has the effect of tonifying blood, tendons, except phlegm (good for cases of lung diseases), treating women with less milk, fostering for new people cured because it is easily absorbed. <\/span><\/p>\n<p class=\"tw-data-text tw-text-large tw-ta\" dir=\"ltr\" data-placeholder=\"B\u1ea3n d\u1ecbch\"><span lang=\"en\" tabindex=\"0\">Here are some nutritious and healing dishes from snakehead fish: Curing colds: Snakehead fish 500g cleaned, boiled or grilled to remove meat, stir-fry onions for fragrant. Tasty rice is 200g cooked, then boil the fish when eating scoop out to add ginger, onions, pepper, spice monosodium glutamate just enough to eat hot to sweat &#8230; The combination of delicious rice porridge complementary taste, Korean style &#8230; This dish is very good for people who have colds, fear of the wind, headache, stuffy nose, productive cough.<\/span><\/p>\n<\/div>\n<\/div>\n<\/div>\n<\/div>\n<p id=\"tw-target-text\" class=\"tw-data-text tw-text-large tw-ta\" dir=\"ltr\" data-placeholder=\"B\u1ea3n d\u1ecbch\"><span lang=\"en\" tabindex=\"0\">Supporting treatment of hypertension: Snakehead fish cleaned boiled to get meat 100g, vegetables need 150g, ginger spices, onions, pepper, salted fish soup soup several times a week. This is a delicious soup tonic tonic blood, fire &#8230; Use very well with people with hypertension, dizziness headache, tinnitus difficult to sleep. In addition, snakehead fish cooked with physics, bitter vegetables are good to eat<\/span><\/p>\n<p id=\"tw-target-text\" class=\"tw-data-text tw-text-large tw-ta\" dir=\"ltr\" data-placeholder=\"B\u1ea3n d\u1ecbch\"><span lang=\"en\" tabindex=\"0\">Supporting the treatment of kidneys with steatosis: Snakehead fish 1 fish (250g) removed from the intestine, cooked with 200g of red beans for tender. Eat it all at once. Using 10 days is a procedure.<\/span><\/p>\n<div class=\"jhH5U r-izJWd3FR9_Zg\" data-rtid=\"izJWd3FR9_Zg\">\n<div id=\"tw-ob\" class=\"tw-src-ltr\">\n<div class=\"oSioSc\">\n<div id=\"tw-target\">\n<div id=\"kAz1tf\" class=\"g9WsWb\">\n<div id=\"tw-target-text-container\" class=\"tw-ta-container tw-nfl\">\n<p id=\"tw-target-text\" class=\"tw-data-text tw-text-large tw-ta\" dir=\"ltr\" data-placeholder=\"B\u1ea3n d\u1ecbch\"><span lang=\"en\" tabindex=\"0\">Complementary raw gas, catheterization: Snakehead fish 400g, east kneel death 24g, red ginseng 9g, 30g nostalgic paint, royal birth period 30g. Get thin cloth wrapped east kneeling, red ginseng sliced. Add enough water. Simmer for 2 hours is edible. 10 days is a course.<\/span><\/p>\n<\/div>\n<\/div>\n<\/div>\n<\/div>\n<\/div>\n<\/div>\n<p>&nbsp;<\/p>\n<p><img loading=\"lazy\" decoding=\"async\" class=\"aligncenter size-full wp-image-354\" src=\"http:\/\/nghilocfoods.com\/wp-content\/uploads\/2020\/01\/calocbong_20191022090347.jpg\" alt=\"Calocbong 20191022090347\" width=\"640\" height=\"480\" \/><\/p>","protected":false},"excerpt":{"rendered":"<ul>\n<li>C\u00c1 L\u00d3C \u0110\u1ed2NG<\/li>\n<li>SNAKE HEAD<\/li>\n<li>Latin name: Channa micropeltes<\/li>\n<li>Size(gr\/pc): 200\/300, 300\/500, 500\/700, 700up<\/li>\n<li>Product by: Nghi Loc Seafoods<\/li>\n<\/ul>\n","protected":false},"featured_media":353,"template":"","meta":[],"product_cat":[17],"product_tag":[],"yoast_head":"<!-- This site is optimized with the Yoast SEO plugin v22.5 - https:\/\/yoast.com\/wordpress\/plugins\/seo\/ -->\n<title>SNAKE HEAD - XU\u1ea4T NH\u1eacP KH\u1ea8U AC PH\u00daC L\u1ed8C PH\u00c1T<\/title>\n<meta name=\"robots\" content=\"index, follow, max-snippet:-1, max-image-preview:large, max-video-preview:-1\" \/>\n<link rel=\"canonical\" href=\"https:\/\/thinhvuongseafood.com\/san-pham\/ca-loc-dong\/\" \/>\n<meta property=\"og:locale\" content=\"en_US\" \/>\n<meta property=\"og:type\" content=\"article\" \/>\n<meta property=\"og:title\" content=\"[:vi]C\u00c1 L\u00d3C \u0110\u1ed2NG[:en]SNAKE HEAD[:] - XU\u1ea4T NH\u1eacP KH\u1ea8U AC PH\u00daC L\u1ed8C PH\u00c1T\" \/>\n<meta property=\"og:description\" content=\"[:vi]  C\u00c1 L\u00d3C \u0110\u1ed2NG  SNAKE HEAD  Latin name: Channa micropeltes  Size(gr\/pc): 200\/300, 300\/500, 500\/700, 700up  S\u1ea3n xu\u1ea5t b\u1edfi: Ph\u00fac L\u1ed9c Ph\u00e1t Group [:en]  C\u00c1 L\u00d3C \u0110\u1ed2NG  SNAKE HEAD  Latin name: Channa micropeltes  Size(gr\/pc): 200\/300, 300\/500, 500\/700, 700up  Product by: Nghi Loc Seafoods [:]\" \/>\n<meta property=\"og:url\" content=\"https:\/\/thinhvuongseafood.com\/san-pham\/ca-loc-dong\/\" \/>\n<meta property=\"og:site_name\" content=\"XU\u1ea4T NH\u1eacP KH\u1ea8U AC PH\u00daC L\u1ed8C PH\u00c1T\" \/>\n<meta property=\"article:modified_time\" content=\"2023-05-25T03:39:24+00:00\" \/>\n<meta property=\"og:image\" content=\"https:\/\/thinhvuongseafood.com\/wp-content\/uploads\/2020\/01\/0645ed3066e4a212095400014ad80bd8.jpg\" \/>\n\t<meta property=\"og:image:width\" content=\"536\" \/>\n\t<meta property=\"og:image:height\" content=\"500\" \/>\n\t<meta property=\"og:image:type\" content=\"image\/jpeg\" \/>\n<meta name=\"twitter:card\" content=\"summary_large_image\" \/>\n<meta name=\"twitter:label1\" content=\"Est. reading time\" \/>\n\t<meta name=\"twitter:data1\" content=\"5 minutes\" \/>\n<script type=\"application\/ld+json\" class=\"yoast-schema-graph\">{\"@context\":\"https:\/\/schema.org\",\"@graph\":[{\"@type\":\"WebPage\",\"@id\":\"https:\/\/thinhvuongseafood.com\/san-pham\/ca-loc-dong\/\",\"url\":\"https:\/\/thinhvuongseafood.com\/san-pham\/ca-loc-dong\/\",\"name\":\"[:vi]C\u00c1 L\u00d3C \u0110\u1ed2NG[:en]SNAKE HEAD[:] - XU\u1ea4T NH\u1eacP KH\u1ea8U AC PH\u00daC L\u1ed8C PH\u00c1T\",\"isPartOf\":{\"@id\":\"https:\/\/thinhvuongseafood.com\/en\/#website\"},\"primaryImageOfPage\":{\"@id\":\"https:\/\/thinhvuongseafood.com\/san-pham\/ca-loc-dong\/#primaryimage\"},\"image\":{\"@id\":\"https:\/\/thinhvuongseafood.com\/san-pham\/ca-loc-dong\/#primaryimage\"},\"thumbnailUrl\":\"https:\/\/thinhvuongseafood.com\/wp-content\/uploads\/2020\/01\/0645ed3066e4a212095400014ad80bd8.jpg\",\"datePublished\":\"2020-01-09T09:56:55+00:00\",\"dateModified\":\"2023-05-25T03:39:24+00:00\",\"breadcrumb\":{\"@id\":\"https:\/\/thinhvuongseafood.com\/san-pham\/ca-loc-dong\/#breadcrumb\"},\"inLanguage\":\"en-US\",\"potentialAction\":[{\"@type\":\"ReadAction\",\"target\":[\"https:\/\/thinhvuongseafood.com\/san-pham\/ca-loc-dong\/\"]}]},{\"@type\":\"ImageObject\",\"inLanguage\":\"en-US\",\"@id\":\"https:\/\/thinhvuongseafood.com\/san-pham\/ca-loc-dong\/#primaryimage\",\"url\":\"https:\/\/thinhvuongseafood.com\/wp-content\/uploads\/2020\/01\/0645ed3066e4a212095400014ad80bd8.jpg\",\"contentUrl\":\"https:\/\/thinhvuongseafood.com\/wp-content\/uploads\/2020\/01\/0645ed3066e4a212095400014ad80bd8.jpg\",\"width\":536,\"height\":500,\"caption\":\"0645ed3066e4a212095400014ad80bd8\"},{\"@type\":\"BreadcrumbList\",\"@id\":\"https:\/\/thinhvuongseafood.com\/san-pham\/ca-loc-dong\/#breadcrumb\",\"itemListElement\":[{\"@type\":\"ListItem\",\"position\":1,\"name\":\"Trang ch\u1ee7\",\"item\":\"https:\/\/thinhvuongseafood.com\/en\/\"},{\"@type\":\"ListItem\",\"position\":2,\"name\":\"Store\",\"item\":\"https:\/\/thinhvuongseafood.com\/en\/cua-hang\/\"},{\"@type\":\"ListItem\",\"position\":3,\"name\":\"C\u00c1 L\u00d3C \u0110\u1ed2NG\"}]},{\"@type\":\"WebSite\",\"@id\":\"https:\/\/thinhvuongseafood.com\/en\/#website\",\"url\":\"https:\/\/thinhvuongseafood.com\/en\/\",\"name\":\"XU\u1ea4T NH\u1eacP KH\u1ea8U AC PH\u00daC L\u1ed8C PH\u00c1T\",\"description\":\"\",\"potentialAction\":[{\"@type\":\"SearchAction\",\"target\":{\"@type\":\"EntryPoint\",\"urlTemplate\":\"https:\/\/thinhvuongseafood.com\/en\/?s={search_term_string}\"},\"query-input\":\"required name=search_term_string\"}],\"inLanguage\":\"en-US\"}]}<\/script>\n<!-- \/ Yoast SEO plugin. -->","yoast_head_json":{"title":"[:vi]C\u00c1 L\u00d3C \u0110\u1ed2NG[:en]SNAKE HEAD[:] - XU\u1ea4T NH\u1eacP KH\u1ea8U AC PH\u00daC L\u1ed8C PH\u00c1T","robots":{"index":"index","follow":"follow","max-snippet":"max-snippet:-1","max-image-preview":"max-image-preview:large","max-video-preview":"max-video-preview:-1"},"canonical":"https:\/\/thinhvuongseafood.com\/san-pham\/ca-loc-dong\/","og_locale":"en_US","og_type":"article","og_title":"[:vi]C\u00c1 L\u00d3C \u0110\u1ed2NG[:en]SNAKE HEAD[:] - XU\u1ea4T NH\u1eacP KH\u1ea8U AC PH\u00daC L\u1ed8C PH\u00c1T","og_description":"[:vi]  C\u00c1 L\u00d3C \u0110\u1ed2NG  SNAKE HEAD  Latin name: Channa micropeltes  Size(gr\/pc): 200\/300, 300\/500, 500\/700, 700up  S\u1ea3n xu\u1ea5t b\u1edfi: Ph\u00fac L\u1ed9c Ph\u00e1t Group [:en]  C\u00c1 L\u00d3C \u0110\u1ed2NG  SNAKE HEAD  Latin name: Channa micropeltes  Size(gr\/pc): 200\/300, 300\/500, 500\/700, 700up  Product by: Nghi Loc Seafoods [:]","og_url":"https:\/\/thinhvuongseafood.com\/san-pham\/ca-loc-dong\/","og_site_name":"XU\u1ea4T NH\u1eacP KH\u1ea8U AC PH\u00daC L\u1ed8C PH\u00c1T","article_modified_time":"2023-05-25T03:39:24+00:00","og_image":[{"width":536,"height":500,"url":"https:\/\/thinhvuongseafood.com\/wp-content\/uploads\/2020\/01\/0645ed3066e4a212095400014ad80bd8.jpg","type":"image\/jpeg"}],"twitter_card":"summary_large_image","twitter_misc":{"Est. reading time":"5 minutes"},"schema":{"@context":"https:\/\/schema.org","@graph":[{"@type":"WebPage","@id":"https:\/\/thinhvuongseafood.com\/san-pham\/ca-loc-dong\/","url":"https:\/\/thinhvuongseafood.com\/san-pham\/ca-loc-dong\/","name":"[:vi]C\u00c1 L\u00d3C \u0110\u1ed2NG[:en]SNAKE HEAD[:] - XU\u1ea4T NH\u1eacP KH\u1ea8U AC PH\u00daC L\u1ed8C PH\u00c1T","isPartOf":{"@id":"https:\/\/thinhvuongseafood.com\/en\/#website"},"primaryImageOfPage":{"@id":"https:\/\/thinhvuongseafood.com\/san-pham\/ca-loc-dong\/#primaryimage"},"image":{"@id":"https:\/\/thinhvuongseafood.com\/san-pham\/ca-loc-dong\/#primaryimage"},"thumbnailUrl":"https:\/\/thinhvuongseafood.com\/wp-content\/uploads\/2020\/01\/0645ed3066e4a212095400014ad80bd8.jpg","datePublished":"2020-01-09T09:56:55+00:00","dateModified":"2023-05-25T03:39:24+00:00","breadcrumb":{"@id":"https:\/\/thinhvuongseafood.com\/san-pham\/ca-loc-dong\/#breadcrumb"},"inLanguage":"en-US","potentialAction":[{"@type":"ReadAction","target":["https:\/\/thinhvuongseafood.com\/san-pham\/ca-loc-dong\/"]}]},{"@type":"ImageObject","inLanguage":"en-US","@id":"https:\/\/thinhvuongseafood.com\/san-pham\/ca-loc-dong\/#primaryimage","url":"https:\/\/thinhvuongseafood.com\/wp-content\/uploads\/2020\/01\/0645ed3066e4a212095400014ad80bd8.jpg","contentUrl":"https:\/\/thinhvuongseafood.com\/wp-content\/uploads\/2020\/01\/0645ed3066e4a212095400014ad80bd8.jpg","width":536,"height":500,"caption":"0645ed3066e4a212095400014ad80bd8"},{"@type":"BreadcrumbList","@id":"https:\/\/thinhvuongseafood.com\/san-pham\/ca-loc-dong\/#breadcrumb","itemListElement":[{"@type":"ListItem","position":1,"name":"Trang ch\u1ee7","item":"https:\/\/thinhvuongseafood.com\/en\/"},{"@type":"ListItem","position":2,"name":"Store","item":"https:\/\/thinhvuongseafood.com\/en\/cua-hang\/"},{"@type":"ListItem","position":3,"name":"C\u00c1 L\u00d3C \u0110\u1ed2NG"}]},{"@type":"WebSite","@id":"https:\/\/thinhvuongseafood.com\/en\/#website","url":"https:\/\/thinhvuongseafood.com\/en\/","name":"XU\u1ea4T NH\u1eacP KH\u1ea8U AC PH\u00daC L\u1ed8C PH\u00c1T","description":"","potentialAction":[{"@type":"SearchAction","target":{"@type":"EntryPoint","urlTemplate":"https:\/\/thinhvuongseafood.com\/en\/?s={search_term_string}"},"query-input":"required name=search_term_string"}],"inLanguage":"en-US"}]}},"_links":{"self":[{"href":"https:\/\/thinhvuongseafood.com\/en\/wp-json\/wp\/v2\/product\/348"}],"collection":[{"href":"https:\/\/thinhvuongseafood.com\/en\/wp-json\/wp\/v2\/product"}],"about":[{"href":"https:\/\/thinhvuongseafood.com\/en\/wp-json\/wp\/v2\/types\/product"}],"wp:featuredmedia":[{"embeddable":true,"href":"https:\/\/thinhvuongseafood.com\/en\/wp-json\/wp\/v2\/media\/353"}],"wp:attachment":[{"href":"https:\/\/thinhvuongseafood.com\/en\/wp-json\/wp\/v2\/media?parent=348"}],"wp:term":[{"taxonomy":"product_cat","embeddable":true,"href":"https:\/\/thinhvuongseafood.com\/en\/wp-json\/wp\/v2\/product_cat?post=348"},{"taxonomy":"product_tag","embeddable":true,"href":"https:\/\/thinhvuongseafood.com\/en\/wp-json\/wp\/v2\/product_tag?post=348"}],"curies":[{"name":"wp","href":"https:\/\/api.w.org\/{rel}","templated":true}]}}