{"id":315,"date":"2020-01-09T14:29:54","date_gmt":"2020-01-09T07:29:54","guid":{"rendered":"http:\/\/nghilocfoods.com\/?post_type=product&#038;p=315"},"modified":"2023-05-25T10:41:52","modified_gmt":"2023-05-25T03:41:52","slug":"ca-tra-phi-le-chua-duoc-phan-loai","status":"publish","type":"product","link":"https:\/\/thinhvuongseafood.com\/en\/san-pham\/tieng-viet-ca-tra-phi-le-chua-duoc-phan-loai\/","title":{"rendered":"PANGASIUS FILLET UNTRIMMED"},"content":{"rendered":"<p><\/p>\n<p id=\"tw-target-text\" class=\"tw-data-text tw-text-large tw-ta\" dir=\"ltr\" data-placeholder=\"B\u1ea3n d\u1ecbch\"><span lang=\"en\" tabindex=\"0\">The Pangasius family (scientific name: Pangasiidae) is the name of a family of about 28 known freshwater fish species of the Catfish (Siluriformes) family. The species in this family is found in fresh and brackish waters, along southern Asia, from Pakistan to Borneo. [1] Among the 28 species of this family, the Pangasius (Pangasianodon gigas), an herbivore and endangered fish, is one of the largest known freshwater fishes.<\/span><\/p>\n<p id=\"tw-target-text\" class=\"tw-data-text tw-text-large tw-ta\" dir=\"ltr\" data-placeholder=\"B\u1ea3n d\u1ecbch\"><span lang=\"en\" tabindex=\"0\">The dorsal fin of these fishes is near the head, usually high and triangular, about 5-7 rays fin and 1-2 spines. Anal fin a little elongated, with 26 to 46 rays. Usually they have two pairs of maxillary antennae and a pair of chin antennae, although in adult catfish there are only upper beards. Solid body. Small fat fins (fat) also exist.<\/span><\/p>\n<p dir=\"ltr\" data-placeholder=\"B\u1ea3n d\u1ecbch\"><img loading=\"lazy\" decoding=\"async\" class=\"aligncenter size-full wp-image-316\" src=\"http:\/\/nghilocfoods.com\/wp-content\/uploads\/2020\/01\/c\u00e1-basa-phi-l\u00ea.png\" alt=\"C\u00e1 Basa Phi L\u00ea\" width=\"502\" height=\"502\" \/><\/p>\n<p dir=\"ltr\" data-placeholder=\"B\u1ea3n d\u1ecbch\">PANGASIUS FILLET UNTRIMMED<\/p>\n<p><\/p>","protected":false},"excerpt":{"rendered":"<ul>\n<li>C\u00c1 TRA FILLET CH\u01afA \u0110\u01af\u1ee2C PH\u00c2N LO\u1ea0I<\/li>\n<li>PANGASIUS FILLET UNTRIMMED<\/li>\n<li>Size: 60\/90, 90\/120, 120\/170, 170\/220, 220\/300, 300\/500 500 up<\/li>\n<li>Product by: Nghi Loc Seafoods<\/li>\n<\/ul>\n","protected":false},"featured_media":316,"template":"","meta":[],"product_cat":[18],"product_tag":[],"yoast_head":"<!-- This site is optimized with the Yoast SEO plugin v22.5 - https:\/\/yoast.com\/wordpress\/plugins\/seo\/ -->\n<title>PANGASIUS FILLET UNTRIMMED - XU\u1ea4T NH\u1eacP KH\u1ea8U AC PH\u00daC L\u1ed8C PH\u00c1T<\/title>\n<meta name=\"robots\" content=\"index, follow, max-snippet:-1, max-image-preview:large, max-video-preview:-1\" \/>\n<link rel=\"canonical\" href=\"https:\/\/thinhvuongseafood.com\/san-pham\/ca-tra-phi-le-chua-duoc-phan-loai\/\" \/>\n<meta property=\"og:locale\" content=\"en_US\" \/>\n<meta property=\"og:type\" content=\"article\" \/>\n<meta property=\"og:title\" content=\"[:vi]C\u00c1 TRA PHI L\u00ca CH\u01afA \u0110\u01af\u1ee2C PH\u00c2N LO\u1ea0I[:en]PANGASIUS FILLET UNTRIMMED[:] - XU\u1ea4T NH\u1eacP KH\u1ea8U AC PH\u00daC L\u1ed8C PH\u00c1T\" \/>\n<meta property=\"og:description\" content=\"[:vi]  C\u00c1 TRA FILLET CH\u01afA \u0110\u01af\u1ee2C PH\u00c2N LO\u1ea0I  PANGASIUS FILLET UNTRIMMED  Size: 60\/90, 90\/120, 120\/170, 170\/220, 220\/300, 300\/500 500 up  S\u1ea3n xu\u1ea5t b\u1edfi: Ph\u00fac L\u1ed9c Ph\u00e1t Group [:en]  C\u00c1 TRA FILLET CH\u01afA \u0110\u01af\u1ee2C PH\u00c2N LO\u1ea0I  PANGASIUS FILLET UNTRIMMED  Size: 60\/90, 90\/120, 120\/170, 170\/220, 220\/300, 300\/500 500 up  Product by: Nghi Loc Seafoods [:]\" \/>\n<meta property=\"og:url\" content=\"https:\/\/thinhvuongseafood.com\/san-pham\/ca-tra-phi-le-chua-duoc-phan-loai\/\" \/>\n<meta property=\"og:site_name\" content=\"XU\u1ea4T NH\u1eacP KH\u1ea8U AC PH\u00daC L\u1ed8C PH\u00c1T\" \/>\n<meta property=\"article:modified_time\" content=\"2023-05-25T03:41:52+00:00\" \/>\n<meta property=\"og:image\" content=\"https:\/\/thinhvuongseafood.com\/wp-content\/uploads\/2020\/01\/c\u00e1-basa-phi-l\u00ea.png\" \/>\n\t<meta property=\"og:image:width\" content=\"502\" \/>\n\t<meta property=\"og:image:height\" content=\"502\" \/>\n\t<meta property=\"og:image:type\" content=\"image\/png\" \/>\n<meta name=\"twitter:card\" content=\"summary_large_image\" \/>\n<meta name=\"twitter:label1\" content=\"Est. reading time\" \/>\n\t<meta name=\"twitter:data1\" content=\"2 minutes\" \/>\n<script type=\"application\/ld+json\" class=\"yoast-schema-graph\">{\"@context\":\"https:\/\/schema.org\",\"@graph\":[{\"@type\":\"WebPage\",\"@id\":\"https:\/\/thinhvuongseafood.com\/san-pham\/ca-tra-phi-le-chua-duoc-phan-loai\/\",\"url\":\"https:\/\/thinhvuongseafood.com\/san-pham\/ca-tra-phi-le-chua-duoc-phan-loai\/\",\"name\":\"[:vi]C\u00c1 TRA PHI L\u00ca CH\u01afA \u0110\u01af\u1ee2C PH\u00c2N LO\u1ea0I[:en]PANGASIUS FILLET UNTRIMMED[:] - XU\u1ea4T NH\u1eacP KH\u1ea8U AC PH\u00daC L\u1ed8C PH\u00c1T\",\"isPartOf\":{\"@id\":\"https:\/\/thinhvuongseafood.com\/en\/#website\"},\"primaryImageOfPage\":{\"@id\":\"https:\/\/thinhvuongseafood.com\/san-pham\/ca-tra-phi-le-chua-duoc-phan-loai\/#primaryimage\"},\"image\":{\"@id\":\"https:\/\/thinhvuongseafood.com\/san-pham\/ca-tra-phi-le-chua-duoc-phan-loai\/#primaryimage\"},\"thumbnailUrl\":\"https:\/\/thinhvuongseafood.com\/wp-content\/uploads\/2020\/01\/c\u00e1-basa-phi-l\u00ea.png\",\"datePublished\":\"2020-01-09T07:29:54+00:00\",\"dateModified\":\"2023-05-25T03:41:52+00:00\",\"breadcrumb\":{\"@id\":\"https:\/\/thinhvuongseafood.com\/san-pham\/ca-tra-phi-le-chua-duoc-phan-loai\/#breadcrumb\"},\"inLanguage\":\"en-US\",\"potentialAction\":[{\"@type\":\"ReadAction\",\"target\":[\"https:\/\/thinhvuongseafood.com\/san-pham\/ca-tra-phi-le-chua-duoc-phan-loai\/\"]}]},{\"@type\":\"ImageObject\",\"inLanguage\":\"en-US\",\"@id\":\"https:\/\/thinhvuongseafood.com\/san-pham\/ca-tra-phi-le-chua-duoc-phan-loai\/#primaryimage\",\"url\":\"https:\/\/thinhvuongseafood.com\/wp-content\/uploads\/2020\/01\/c\u00e1-basa-phi-l\u00ea.png\",\"contentUrl\":\"https:\/\/thinhvuongseafood.com\/wp-content\/uploads\/2020\/01\/c\u00e1-basa-phi-l\u00ea.png\",\"width\":502,\"height\":502,\"caption\":\"C\u00e1 Basa Phi L\u00ea\"},{\"@type\":\"BreadcrumbList\",\"@id\":\"https:\/\/thinhvuongseafood.com\/san-pham\/ca-tra-phi-le-chua-duoc-phan-loai\/#breadcrumb\",\"itemListElement\":[{\"@type\":\"ListItem\",\"position\":1,\"name\":\"Trang ch\u1ee7\",\"item\":\"https:\/\/thinhvuongseafood.com\/en\/\"},{\"@type\":\"ListItem\",\"position\":2,\"name\":\"Store\",\"item\":\"https:\/\/thinhvuongseafood.com\/en\/cua-hang\/\"},{\"@type\":\"ListItem\",\"position\":3,\"name\":\"C\u00c1 TRA PHI L\u00ca CH\u01afA \u0110\u01af\u1ee2C PH\u00c2N LO\u1ea0I\"}]},{\"@type\":\"WebSite\",\"@id\":\"https:\/\/thinhvuongseafood.com\/en\/#website\",\"url\":\"https:\/\/thinhvuongseafood.com\/en\/\",\"name\":\"XU\u1ea4T NH\u1eacP KH\u1ea8U AC PH\u00daC L\u1ed8C PH\u00c1T\",\"description\":\"\",\"potentialAction\":[{\"@type\":\"SearchAction\",\"target\":{\"@type\":\"EntryPoint\",\"urlTemplate\":\"https:\/\/thinhvuongseafood.com\/en\/?s={search_term_string}\"},\"query-input\":\"required name=search_term_string\"}],\"inLanguage\":\"en-US\"}]}<\/script>\n<!-- \/ Yoast SEO plugin. -->","yoast_head_json":{"title":"[:vi]C\u00c1 TRA PHI L\u00ca CH\u01afA \u0110\u01af\u1ee2C PH\u00c2N LO\u1ea0I[:en]PANGASIUS FILLET UNTRIMMED[:] - XU\u1ea4T NH\u1eacP KH\u1ea8U AC PH\u00daC L\u1ed8C PH\u00c1T","robots":{"index":"index","follow":"follow","max-snippet":"max-snippet:-1","max-image-preview":"max-image-preview:large","max-video-preview":"max-video-preview:-1"},"canonical":"https:\/\/thinhvuongseafood.com\/san-pham\/ca-tra-phi-le-chua-duoc-phan-loai\/","og_locale":"en_US","og_type":"article","og_title":"[:vi]C\u00c1 TRA PHI L\u00ca CH\u01afA \u0110\u01af\u1ee2C PH\u00c2N LO\u1ea0I[:en]PANGASIUS FILLET UNTRIMMED[:] - XU\u1ea4T NH\u1eacP KH\u1ea8U AC PH\u00daC L\u1ed8C PH\u00c1T","og_description":"[:vi]  C\u00c1 TRA FILLET CH\u01afA \u0110\u01af\u1ee2C PH\u00c2N LO\u1ea0I  PANGASIUS FILLET UNTRIMMED  Size: 60\/90, 90\/120, 120\/170, 170\/220, 220\/300, 300\/500 500 up  S\u1ea3n xu\u1ea5t b\u1edfi: Ph\u00fac L\u1ed9c Ph\u00e1t Group [:en]  C\u00c1 TRA FILLET CH\u01afA \u0110\u01af\u1ee2C PH\u00c2N LO\u1ea0I  PANGASIUS FILLET UNTRIMMED  Size: 60\/90, 90\/120, 120\/170, 170\/220, 220\/300, 300\/500 500 up  Product by: Nghi Loc Seafoods [:]","og_url":"https:\/\/thinhvuongseafood.com\/san-pham\/ca-tra-phi-le-chua-duoc-phan-loai\/","og_site_name":"XU\u1ea4T NH\u1eacP KH\u1ea8U AC PH\u00daC L\u1ed8C PH\u00c1T","article_modified_time":"2023-05-25T03:41:52+00:00","og_image":[{"width":502,"height":502,"url":"https:\/\/thinhvuongseafood.com\/wp-content\/uploads\/2020\/01\/c\u00e1-basa-phi-l\u00ea.png","type":"image\/png"}],"twitter_card":"summary_large_image","twitter_misc":{"Est. reading time":"2 minutes"},"schema":{"@context":"https:\/\/schema.org","@graph":[{"@type":"WebPage","@id":"https:\/\/thinhvuongseafood.com\/san-pham\/ca-tra-phi-le-chua-duoc-phan-loai\/","url":"https:\/\/thinhvuongseafood.com\/san-pham\/ca-tra-phi-le-chua-duoc-phan-loai\/","name":"[:vi]C\u00c1 TRA PHI L\u00ca CH\u01afA \u0110\u01af\u1ee2C PH\u00c2N LO\u1ea0I[:en]PANGASIUS FILLET UNTRIMMED[:] - XU\u1ea4T NH\u1eacP KH\u1ea8U AC PH\u00daC L\u1ed8C PH\u00c1T","isPartOf":{"@id":"https:\/\/thinhvuongseafood.com\/en\/#website"},"primaryImageOfPage":{"@id":"https:\/\/thinhvuongseafood.com\/san-pham\/ca-tra-phi-le-chua-duoc-phan-loai\/#primaryimage"},"image":{"@id":"https:\/\/thinhvuongseafood.com\/san-pham\/ca-tra-phi-le-chua-duoc-phan-loai\/#primaryimage"},"thumbnailUrl":"https:\/\/thinhvuongseafood.com\/wp-content\/uploads\/2020\/01\/c\u00e1-basa-phi-l\u00ea.png","datePublished":"2020-01-09T07:29:54+00:00","dateModified":"2023-05-25T03:41:52+00:00","breadcrumb":{"@id":"https:\/\/thinhvuongseafood.com\/san-pham\/ca-tra-phi-le-chua-duoc-phan-loai\/#breadcrumb"},"inLanguage":"en-US","potentialAction":[{"@type":"ReadAction","target":["https:\/\/thinhvuongseafood.com\/san-pham\/ca-tra-phi-le-chua-duoc-phan-loai\/"]}]},{"@type":"ImageObject","inLanguage":"en-US","@id":"https:\/\/thinhvuongseafood.com\/san-pham\/ca-tra-phi-le-chua-duoc-phan-loai\/#primaryimage","url":"https:\/\/thinhvuongseafood.com\/wp-content\/uploads\/2020\/01\/c\u00e1-basa-phi-l\u00ea.png","contentUrl":"https:\/\/thinhvuongseafood.com\/wp-content\/uploads\/2020\/01\/c\u00e1-basa-phi-l\u00ea.png","width":502,"height":502,"caption":"C\u00e1 Basa Phi L\u00ea"},{"@type":"BreadcrumbList","@id":"https:\/\/thinhvuongseafood.com\/san-pham\/ca-tra-phi-le-chua-duoc-phan-loai\/#breadcrumb","itemListElement":[{"@type":"ListItem","position":1,"name":"Trang ch\u1ee7","item":"https:\/\/thinhvuongseafood.com\/en\/"},{"@type":"ListItem","position":2,"name":"Store","item":"https:\/\/thinhvuongseafood.com\/en\/cua-hang\/"},{"@type":"ListItem","position":3,"name":"C\u00c1 TRA PHI L\u00ca CH\u01afA \u0110\u01af\u1ee2C PH\u00c2N LO\u1ea0I"}]},{"@type":"WebSite","@id":"https:\/\/thinhvuongseafood.com\/en\/#website","url":"https:\/\/thinhvuongseafood.com\/en\/","name":"XU\u1ea4T NH\u1eacP KH\u1ea8U AC PH\u00daC L\u1ed8C PH\u00c1T","description":"","potentialAction":[{"@type":"SearchAction","target":{"@type":"EntryPoint","urlTemplate":"https:\/\/thinhvuongseafood.com\/en\/?s={search_term_string}"},"query-input":"required name=search_term_string"}],"inLanguage":"en-US"}]}},"_links":{"self":[{"href":"https:\/\/thinhvuongseafood.com\/en\/wp-json\/wp\/v2\/product\/315"}],"collection":[{"href":"https:\/\/thinhvuongseafood.com\/en\/wp-json\/wp\/v2\/product"}],"about":[{"href":"https:\/\/thinhvuongseafood.com\/en\/wp-json\/wp\/v2\/types\/product"}],"wp:featuredmedia":[{"embeddable":true,"href":"https:\/\/thinhvuongseafood.com\/en\/wp-json\/wp\/v2\/media\/316"}],"wp:attachment":[{"href":"https:\/\/thinhvuongseafood.com\/en\/wp-json\/wp\/v2\/media?parent=315"}],"wp:term":[{"taxonomy":"product_cat","embeddable":true,"href":"https:\/\/thinhvuongseafood.com\/en\/wp-json\/wp\/v2\/product_cat?post=315"},{"taxonomy":"product_tag","embeddable":true,"href":"https:\/\/thinhvuongseafood.com\/en\/wp-json\/wp\/v2\/product_tag?post=315"}],"curies":[{"name":"wp","href":"https:\/\/api.w.org\/{rel}","templated":true}]}}