{"id":290,"date":"2020-01-08T23:31:59","date_gmt":"2020-01-08T16:31:59","guid":{"rendered":"http:\/\/nghilocfoods.com\/?post_type=product&#038;p=290"},"modified":"2023-05-25T10:43:17","modified_gmt":"2023-05-25T03:43:17","slug":"tom-kho","status":"publish","type":"product","link":"https:\/\/thinhvuongseafood.com\/en\/san-pham\/dried-shrimp\/","title":{"rendered":"DRIED SHRIMP"},"content":{"rendered":"<p><span lang=\"en\">Distinguishing between dried sea shrimp and rivers can be based on the &#8220;sea&#8221; smell. When touched, the product may still have a specific smell and smell. Therefore, more and more people like to buy sea shrimp. The reason many people like to eat is because the shrimp are fresh, slightly chewy, salty, preserved for a long time. Many places selling river dried shrimps are silver-gray shrimps, which are cultured in brackish water areas, although the quality of river-dried shrimps is not as good as sea shrimp but very popular.<\/span><\/p>\n<p><img decoding=\"async\" class=\"aligncenter\" src=\"http:\/\/haisansachphanthiet.com\/kcfinder\/upload\/images\/tom-kho-loai%201.png\" alt=\"\" \/><\/p>\n<p>&nbsp;<\/p>\n<div>\n<p id=\"tw-target-text\" class=\"tw-data-text tw-text-large tw-ta\" dir=\"ltr\" data-placeholder=\"B\u1ea3n d\u1ecbch\"><span lang=\"en\">Dried shrimp is commonly used in Vietnamese family meals. It is used as a raw material to cook broth for special sweet soup very suitable for gourds, squash, vegetables, spinach &#8230; Such that almost everyone in the family has shrimp Dry to eat gradually. Many people prefer to cook shrimp soup with meat, because the soup is usually sweet, not greasy, cool, easy to eat, suitable for hot weather or when tired after a working day. There are delicious dishes to use the right kind of dried shrimp, fresh shrimp can not be replaced. Like dried shrimp for savory sticky rice. The shrimp is soaked and soft, then stir-fry with onions, shrimps, add chopped green onions for green, red and red to make sticky rice. White sticky rice, ivory white, fragrant plastic and fried shrimp that is the connection between the sweetness of the green sticky rice seeds and the sweetness of the dried sea shrimp. Shrimp meat tough, the more you eat the more fragrant sweet.<\/span><\/p>\n<\/div>\n<p>&nbsp;<\/p>\n<p><img decoding=\"async\" class=\"aligncenter\" src=\"http:\/\/haisansachphanthiet.com\/kcfinder\/upload\/images\/ddw1417061858%281%29.JPG\" alt=\"\" \/><\/p>\n<div><\/div>\n<div>\n<p id=\"tw-target-text\" class=\"tw-data-text tw-text-large tw-ta\" dir=\"ltr\" data-placeholder=\"B\u1ea3n d\u1ecbch\"><span lang=\"en\">Dried shrimp can also be made into a unique shrimp dish. Making shrimp from shrimp, when roasted, roasted meat dishes do not keep the length of the meat but crumbs. Flies made from fine dried shrimp, large ones will produce long fibers, beautiful pink color and extremely attractive taste.<\/span><\/p>\n<p class=\"tw-data-text tw-text-large tw-ta\" dir=\"ltr\" data-placeholder=\"B\u1ea3n d\u1ecbch\"><span lang=\"en\"> Therefore, shrimp floss are the most expensive of all, because it tastes better than pork, chicken or fish. No less than fresh meats, dried shrimp also directly make the taste of stir-fries, salads, stews or fried rice dishes. You can stir-fry okra, dried shrimp fried rice, dried shrimp noodles or celery salad mixed with dried shrimp. The stocky shrimp is blanched through boiling water, mixing palanquin into a delicious and strange dish.<\/span><\/p>\n<\/div>\n<p><\/p>","protected":false},"excerpt":{"rendered":"<ul>\n<li>Dried Shrimp<\/li>\n<li>T\u00f4m Kh\u00f4 \/ Parapenaeopsis spp<\/li>\n<li>Size (pcs\/kg): 2-4, 3-5<\/li>\n<li>Product by: Nghi Loc Seafoods<\/li>\n<\/ul>\n","protected":false},"featured_media":291,"template":"","meta":[],"product_cat":[19],"product_tag":[],"yoast_head":"<!-- This site is optimized with the Yoast SEO plugin v22.5 - https:\/\/yoast.com\/wordpress\/plugins\/seo\/ -->\n<title>DRIED SHRIMP - XU\u1ea4T NH\u1eacP KH\u1ea8U AC PH\u00daC L\u1ed8C PH\u00c1T<\/title>\n<meta name=\"robots\" content=\"index, follow, max-snippet:-1, max-image-preview:large, max-video-preview:-1\" \/>\n<link rel=\"canonical\" href=\"https:\/\/thinhvuongseafood.com\/san-pham\/tom-kho\/\" \/>\n<meta property=\"og:locale\" content=\"en_US\" \/>\n<meta property=\"og:type\" content=\"article\" \/>\n<meta property=\"og:title\" content=\"[:vi]T\u00d4M KH\u00d4[:en]DRIED SHRIMP[:] - XU\u1ea4T NH\u1eacP KH\u1ea8U AC PH\u00daC L\u1ed8C PH\u00c1T\" \/>\n<meta property=\"og:description\" content=\"[:vi]  Dried Shrimp  T\u00f4m Kh\u00f4 \/ Parapenaeopsis spp  Size (pcs\/kg): 2-4, 3-5  S\u1ea3n xu\u1ea5t b\u1edfi: Ph\u00fac L\u1ed9c Ph\u00e1t Group [:en]  Dried Shrimp  T\u00f4m Kh\u00f4 \/ Parapenaeopsis spp  Size (pcs\/kg): 2-4, 3-5  Product by: Nghi Loc Seafoods [:]\" \/>\n<meta property=\"og:url\" content=\"https:\/\/thinhvuongseafood.com\/san-pham\/tom-kho\/\" \/>\n<meta property=\"og:site_name\" content=\"XU\u1ea4T NH\u1eacP KH\u1ea8U AC PH\u00daC L\u1ed8C PH\u00c1T\" \/>\n<meta property=\"article:modified_time\" content=\"2023-05-25T03:43:17+00:00\" \/>\n<meta property=\"og:image\" content=\"https:\/\/thinhvuongseafood.com\/wp-content\/uploads\/2020\/01\/T\u00d4M-KH\u00d4.jpg\" \/>\n\t<meta property=\"og:image:width\" content=\"1280\" \/>\n\t<meta property=\"og:image:height\" content=\"720\" \/>\n\t<meta property=\"og:image:type\" content=\"image\/jpeg\" \/>\n<meta name=\"twitter:card\" content=\"summary_large_image\" \/>\n<meta name=\"twitter:label1\" content=\"Est. reading time\" \/>\n\t<meta name=\"twitter:data1\" content=\"6 minutes\" \/>\n<script type=\"application\/ld+json\" class=\"yoast-schema-graph\">{\"@context\":\"https:\/\/schema.org\",\"@graph\":[{\"@type\":\"WebPage\",\"@id\":\"https:\/\/thinhvuongseafood.com\/san-pham\/tom-kho\/\",\"url\":\"https:\/\/thinhvuongseafood.com\/san-pham\/tom-kho\/\",\"name\":\"[:vi]T\u00d4M KH\u00d4[:en]DRIED SHRIMP[:] - XU\u1ea4T NH\u1eacP KH\u1ea8U AC PH\u00daC L\u1ed8C PH\u00c1T\",\"isPartOf\":{\"@id\":\"https:\/\/thinhvuongseafood.com\/en\/#website\"},\"primaryImageOfPage\":{\"@id\":\"https:\/\/thinhvuongseafood.com\/san-pham\/tom-kho\/#primaryimage\"},\"image\":{\"@id\":\"https:\/\/thinhvuongseafood.com\/san-pham\/tom-kho\/#primaryimage\"},\"thumbnailUrl\":\"https:\/\/thinhvuongseafood.com\/wp-content\/uploads\/2020\/01\/T\u00d4M-KH\u00d4.jpg\",\"datePublished\":\"2020-01-08T16:31:59+00:00\",\"dateModified\":\"2023-05-25T03:43:17+00:00\",\"breadcrumb\":{\"@id\":\"https:\/\/thinhvuongseafood.com\/san-pham\/tom-kho\/#breadcrumb\"},\"inLanguage\":\"en-US\",\"potentialAction\":[{\"@type\":\"ReadAction\",\"target\":[\"https:\/\/thinhvuongseafood.com\/san-pham\/tom-kho\/\"]}]},{\"@type\":\"ImageObject\",\"inLanguage\":\"en-US\",\"@id\":\"https:\/\/thinhvuongseafood.com\/san-pham\/tom-kho\/#primaryimage\",\"url\":\"https:\/\/thinhvuongseafood.com\/wp-content\/uploads\/2020\/01\/T\u00d4M-KH\u00d4.jpg\",\"contentUrl\":\"https:\/\/thinhvuongseafood.com\/wp-content\/uploads\/2020\/01\/T\u00d4M-KH\u00d4.jpg\",\"width\":1280,\"height\":720,\"caption\":\"T\u00d4m Kh\u00d4\"},{\"@type\":\"BreadcrumbList\",\"@id\":\"https:\/\/thinhvuongseafood.com\/san-pham\/tom-kho\/#breadcrumb\",\"itemListElement\":[{\"@type\":\"ListItem\",\"position\":1,\"name\":\"Trang ch\u1ee7\",\"item\":\"https:\/\/thinhvuongseafood.com\/en\/\"},{\"@type\":\"ListItem\",\"position\":2,\"name\":\"Store\",\"item\":\"https:\/\/thinhvuongseafood.com\/en\/cua-hang\/\"},{\"@type\":\"ListItem\",\"position\":3,\"name\":\"T\u00d4M KH\u00d4\"}]},{\"@type\":\"WebSite\",\"@id\":\"https:\/\/thinhvuongseafood.com\/en\/#website\",\"url\":\"https:\/\/thinhvuongseafood.com\/en\/\",\"name\":\"XU\u1ea4T NH\u1eacP KH\u1ea8U AC PH\u00daC L\u1ed8C PH\u00c1T\",\"description\":\"\",\"potentialAction\":[{\"@type\":\"SearchAction\",\"target\":{\"@type\":\"EntryPoint\",\"urlTemplate\":\"https:\/\/thinhvuongseafood.com\/en\/?s={search_term_string}\"},\"query-input\":\"required name=search_term_string\"}],\"inLanguage\":\"en-US\"}]}<\/script>\n<!-- \/ Yoast SEO plugin. -->","yoast_head_json":{"title":"[:vi]T\u00d4M KH\u00d4[:en]DRIED SHRIMP[:] - XU\u1ea4T NH\u1eacP KH\u1ea8U AC PH\u00daC L\u1ed8C PH\u00c1T","robots":{"index":"index","follow":"follow","max-snippet":"max-snippet:-1","max-image-preview":"max-image-preview:large","max-video-preview":"max-video-preview:-1"},"canonical":"https:\/\/thinhvuongseafood.com\/san-pham\/tom-kho\/","og_locale":"en_US","og_type":"article","og_title":"[:vi]T\u00d4M KH\u00d4[:en]DRIED SHRIMP[:] - XU\u1ea4T NH\u1eacP KH\u1ea8U AC PH\u00daC L\u1ed8C PH\u00c1T","og_description":"[:vi]  Dried Shrimp  T\u00f4m Kh\u00f4 \/ Parapenaeopsis spp  Size (pcs\/kg): 2-4, 3-5  S\u1ea3n xu\u1ea5t b\u1edfi: Ph\u00fac L\u1ed9c Ph\u00e1t Group [:en]  Dried Shrimp  T\u00f4m Kh\u00f4 \/ Parapenaeopsis spp  Size (pcs\/kg): 2-4, 3-5  Product by: Nghi Loc Seafoods [:]","og_url":"https:\/\/thinhvuongseafood.com\/san-pham\/tom-kho\/","og_site_name":"XU\u1ea4T NH\u1eacP KH\u1ea8U AC PH\u00daC L\u1ed8C PH\u00c1T","article_modified_time":"2023-05-25T03:43:17+00:00","og_image":[{"width":1280,"height":720,"url":"https:\/\/thinhvuongseafood.com\/wp-content\/uploads\/2020\/01\/T\u00d4M-KH\u00d4.jpg","type":"image\/jpeg"}],"twitter_card":"summary_large_image","twitter_misc":{"Est. reading time":"6 minutes"},"schema":{"@context":"https:\/\/schema.org","@graph":[{"@type":"WebPage","@id":"https:\/\/thinhvuongseafood.com\/san-pham\/tom-kho\/","url":"https:\/\/thinhvuongseafood.com\/san-pham\/tom-kho\/","name":"[:vi]T\u00d4M KH\u00d4[:en]DRIED SHRIMP[:] - XU\u1ea4T NH\u1eacP KH\u1ea8U AC PH\u00daC L\u1ed8C PH\u00c1T","isPartOf":{"@id":"https:\/\/thinhvuongseafood.com\/en\/#website"},"primaryImageOfPage":{"@id":"https:\/\/thinhvuongseafood.com\/san-pham\/tom-kho\/#primaryimage"},"image":{"@id":"https:\/\/thinhvuongseafood.com\/san-pham\/tom-kho\/#primaryimage"},"thumbnailUrl":"https:\/\/thinhvuongseafood.com\/wp-content\/uploads\/2020\/01\/T\u00d4M-KH\u00d4.jpg","datePublished":"2020-01-08T16:31:59+00:00","dateModified":"2023-05-25T03:43:17+00:00","breadcrumb":{"@id":"https:\/\/thinhvuongseafood.com\/san-pham\/tom-kho\/#breadcrumb"},"inLanguage":"en-US","potentialAction":[{"@type":"ReadAction","target":["https:\/\/thinhvuongseafood.com\/san-pham\/tom-kho\/"]}]},{"@type":"ImageObject","inLanguage":"en-US","@id":"https:\/\/thinhvuongseafood.com\/san-pham\/tom-kho\/#primaryimage","url":"https:\/\/thinhvuongseafood.com\/wp-content\/uploads\/2020\/01\/T\u00d4M-KH\u00d4.jpg","contentUrl":"https:\/\/thinhvuongseafood.com\/wp-content\/uploads\/2020\/01\/T\u00d4M-KH\u00d4.jpg","width":1280,"height":720,"caption":"T\u00d4m Kh\u00d4"},{"@type":"BreadcrumbList","@id":"https:\/\/thinhvuongseafood.com\/san-pham\/tom-kho\/#breadcrumb","itemListElement":[{"@type":"ListItem","position":1,"name":"Trang ch\u1ee7","item":"https:\/\/thinhvuongseafood.com\/en\/"},{"@type":"ListItem","position":2,"name":"Store","item":"https:\/\/thinhvuongseafood.com\/en\/cua-hang\/"},{"@type":"ListItem","position":3,"name":"T\u00d4M KH\u00d4"}]},{"@type":"WebSite","@id":"https:\/\/thinhvuongseafood.com\/en\/#website","url":"https:\/\/thinhvuongseafood.com\/en\/","name":"XU\u1ea4T NH\u1eacP KH\u1ea8U AC PH\u00daC L\u1ed8C PH\u00c1T","description":"","potentialAction":[{"@type":"SearchAction","target":{"@type":"EntryPoint","urlTemplate":"https:\/\/thinhvuongseafood.com\/en\/?s={search_term_string}"},"query-input":"required name=search_term_string"}],"inLanguage":"en-US"}]}},"_links":{"self":[{"href":"https:\/\/thinhvuongseafood.com\/en\/wp-json\/wp\/v2\/product\/290"}],"collection":[{"href":"https:\/\/thinhvuongseafood.com\/en\/wp-json\/wp\/v2\/product"}],"about":[{"href":"https:\/\/thinhvuongseafood.com\/en\/wp-json\/wp\/v2\/types\/product"}],"wp:featuredmedia":[{"embeddable":true,"href":"https:\/\/thinhvuongseafood.com\/en\/wp-json\/wp\/v2\/media\/291"}],"wp:attachment":[{"href":"https:\/\/thinhvuongseafood.com\/en\/wp-json\/wp\/v2\/media?parent=290"}],"wp:term":[{"taxonomy":"product_cat","embeddable":true,"href":"https:\/\/thinhvuongseafood.com\/en\/wp-json\/wp\/v2\/product_cat?post=290"},{"taxonomy":"product_tag","embeddable":true,"href":"https:\/\/thinhvuongseafood.com\/en\/wp-json\/wp\/v2\/product_tag?post=290"}],"curies":[{"name":"wp","href":"https:\/\/api.w.org\/{rel}","templated":true}]}}