{"id":283,"date":"2020-01-08T22:53:18","date_gmt":"2020-01-08T15:53:18","guid":{"rendered":"http:\/\/nghilocfoods.com\/?post_type=product&#038;p=283"},"modified":"2023-05-25T10:44:19","modified_gmt":"2023-05-25T03:44:19","slug":"ca-com-kho-cat-dau","status":"publish","type":"product","link":"https:\/\/thinhvuongseafood.com\/en\/san-pham\/dried-boiled-anchovy-head-on\/","title":{"rendered":"DRIED BOILED ANCHOVY HEAD-ON"},"content":{"rendered":"<p><\/p>\n<div>\n<p><span lang=\"en\">Dried anchovies at affordable prices, can be processed into many delicious dishes such as dried anchovies with lemongrass and chili, dried anchovies in bitter candy, sour anchovy dry soup, dried sweet and sour anchovies,<\/span><\/p>\n<\/div>\n<p id=\"tw-target-text\" class=\"tw-data-text tw-text-large tw-ta\" dir=\"ltr\" data-placeholder=\"B\u1ea3n d\u1ecbch\"><span lang=\"en\">Many people love dried anchovy because when processed into a dish, people can still feel the sweetness of the fish, in addition, each long and tender, dried anchovy will make people more interested. . How to prepare dried anchovy dish is also easy to help you solve the dish quickly but still make people love<\/span><\/p>\n<p><img loading=\"lazy\" decoding=\"async\" class=\"aligncenter size-full wp-image-285\" src=\"http:\/\/nghilocfoods.com\/wp-content\/uploads\/2020\/01\/C\u00c1-KH\u00d4.jpg\" alt=\"C\u00c1 Kh\u00d4\" width=\"600\" height=\"450\" \/><\/p>","protected":false},"excerpt":{"rendered":"<ul>\n<li>DRIED BOILED ANCHOVY HEAD-ON<\/li>\n<li>C\u00e1 c\u01a1m kh\u00f4\u00a0 \/ Stolephorus Commersonnii<\/li>\n<li>Size (cm\/pc): 3-5, 4-6, 5-7<\/li>\n<li>Product by: Nghi Loc Seafoods<\/li>\n<\/ul>\n","protected":false},"featured_media":285,"template":"","meta":[],"product_cat":[19],"product_tag":[],"yoast_head":"<!-- This site is optimized with the Yoast SEO plugin v22.5 - https:\/\/yoast.com\/wordpress\/plugins\/seo\/ -->\n<title>DRIED BOILED ANCHOVY HEAD-ON - XU\u1ea4T NH\u1eacP KH\u1ea8U AC PH\u00daC L\u1ed8C PH\u00c1T<\/title>\n<meta name=\"robots\" content=\"index, follow, max-snippet:-1, max-image-preview:large, max-video-preview:-1\" \/>\n<link rel=\"canonical\" href=\"https:\/\/thinhvuongseafood.com\/san-pham\/ca-com-kho-cat-dau\/\" \/>\n<meta property=\"og:locale\" content=\"en_US\" \/>\n<meta property=\"og:type\" content=\"article\" \/>\n<meta property=\"og:title\" content=\"[:vi]C\u00c1 C\u01a0M KH\u00d4 C\u1eaeT \u0110\u1ea6U[:en]DRIED BOILED ANCHOVY HEAD-ON[:] - XU\u1ea4T NH\u1eacP KH\u1ea8U AC PH\u00daC L\u1ed8C PH\u00c1T\" \/>\n<meta property=\"og:description\" content=\"[:vi]  DRIED BOILED ANCHOVY HEAD-ON  C\u00e1 c\u01a1m kh\u00f4\u00a0 \/ Stolephorus Commersonnii  Size (cm\/pc): 3-5, 4-6, 5-7  S\u1ea3n xu\u1ea5t b\u1edfi: Ph\u00fac L\u1ed9c Ph\u00e1t Group [:en]  DRIED BOILED ANCHOVY HEAD-ON  C\u00e1 c\u01a1m kh\u00f4\u00a0 \/ Stolephorus Commersonnii  Size (cm\/pc): 3-5, 4-6, 5-7  Product by: Nghi Loc Seafoods [:]\" \/>\n<meta property=\"og:url\" content=\"https:\/\/thinhvuongseafood.com\/san-pham\/ca-com-kho-cat-dau\/\" \/>\n<meta property=\"og:site_name\" content=\"XU\u1ea4T NH\u1eacP KH\u1ea8U AC PH\u00daC L\u1ed8C PH\u00c1T\" \/>\n<meta property=\"article:modified_time\" content=\"2023-05-25T03:44:19+00:00\" \/>\n<meta property=\"og:image\" content=\"https:\/\/thinhvuongseafood.com\/wp-content\/uploads\/2020\/01\/C\u00c1-KH\u00d4.jpg\" \/>\n\t<meta property=\"og:image:width\" content=\"600\" \/>\n\t<meta property=\"og:image:height\" content=\"450\" \/>\n\t<meta property=\"og:image:type\" content=\"image\/jpeg\" \/>\n<meta name=\"twitter:card\" content=\"summary_large_image\" \/>\n<meta name=\"twitter:label1\" content=\"Est. reading time\" \/>\n\t<meta name=\"twitter:data1\" content=\"1 minute\" \/>\n<script type=\"application\/ld+json\" class=\"yoast-schema-graph\">{\"@context\":\"https:\/\/schema.org\",\"@graph\":[{\"@type\":\"WebPage\",\"@id\":\"https:\/\/thinhvuongseafood.com\/san-pham\/ca-com-kho-cat-dau\/\",\"url\":\"https:\/\/thinhvuongseafood.com\/san-pham\/ca-com-kho-cat-dau\/\",\"name\":\"[:vi]C\u00c1 C\u01a0M KH\u00d4 C\u1eaeT \u0110\u1ea6U[:en]DRIED BOILED ANCHOVY HEAD-ON[:] - XU\u1ea4T NH\u1eacP KH\u1ea8U AC PH\u00daC L\u1ed8C PH\u00c1T\",\"isPartOf\":{\"@id\":\"https:\/\/thinhvuongseafood.com\/en\/#website\"},\"primaryImageOfPage\":{\"@id\":\"https:\/\/thinhvuongseafood.com\/san-pham\/ca-com-kho-cat-dau\/#primaryimage\"},\"image\":{\"@id\":\"https:\/\/thinhvuongseafood.com\/san-pham\/ca-com-kho-cat-dau\/#primaryimage\"},\"thumbnailUrl\":\"https:\/\/thinhvuongseafood.com\/wp-content\/uploads\/2020\/01\/C\u00c1-KH\u00d4.jpg\",\"datePublished\":\"2020-01-08T15:53:18+00:00\",\"dateModified\":\"2023-05-25T03:44:19+00:00\",\"breadcrumb\":{\"@id\":\"https:\/\/thinhvuongseafood.com\/san-pham\/ca-com-kho-cat-dau\/#breadcrumb\"},\"inLanguage\":\"en-US\",\"potentialAction\":[{\"@type\":\"ReadAction\",\"target\":[\"https:\/\/thinhvuongseafood.com\/san-pham\/ca-com-kho-cat-dau\/\"]}]},{\"@type\":\"ImageObject\",\"inLanguage\":\"en-US\",\"@id\":\"https:\/\/thinhvuongseafood.com\/san-pham\/ca-com-kho-cat-dau\/#primaryimage\",\"url\":\"https:\/\/thinhvuongseafood.com\/wp-content\/uploads\/2020\/01\/C\u00c1-KH\u00d4.jpg\",\"contentUrl\":\"https:\/\/thinhvuongseafood.com\/wp-content\/uploads\/2020\/01\/C\u00c1-KH\u00d4.jpg\",\"width\":600,\"height\":450,\"caption\":\"C\u00c1 Kh\u00d4\"},{\"@type\":\"BreadcrumbList\",\"@id\":\"https:\/\/thinhvuongseafood.com\/san-pham\/ca-com-kho-cat-dau\/#breadcrumb\",\"itemListElement\":[{\"@type\":\"ListItem\",\"position\":1,\"name\":\"Trang ch\u1ee7\",\"item\":\"https:\/\/thinhvuongseafood.com\/en\/\"},{\"@type\":\"ListItem\",\"position\":2,\"name\":\"Store\",\"item\":\"https:\/\/thinhvuongseafood.com\/en\/cua-hang\/\"},{\"@type\":\"ListItem\",\"position\":3,\"name\":\"C\u00c1 C\u01a0M KH\u00d4 C\u1eaeT \u0110\u1ea6U\"}]},{\"@type\":\"WebSite\",\"@id\":\"https:\/\/thinhvuongseafood.com\/en\/#website\",\"url\":\"https:\/\/thinhvuongseafood.com\/en\/\",\"name\":\"XU\u1ea4T NH\u1eacP KH\u1ea8U AC PH\u00daC L\u1ed8C PH\u00c1T\",\"description\":\"\",\"potentialAction\":[{\"@type\":\"SearchAction\",\"target\":{\"@type\":\"EntryPoint\",\"urlTemplate\":\"https:\/\/thinhvuongseafood.com\/en\/?s={search_term_string}\"},\"query-input\":\"required name=search_term_string\"}],\"inLanguage\":\"en-US\"}]}<\/script>\n<!-- \/ Yoast SEO plugin. -->","yoast_head_json":{"title":"[:vi]C\u00c1 C\u01a0M KH\u00d4 C\u1eaeT \u0110\u1ea6U[:en]DRIED BOILED ANCHOVY HEAD-ON[:] - XU\u1ea4T NH\u1eacP KH\u1ea8U AC PH\u00daC L\u1ed8C PH\u00c1T","robots":{"index":"index","follow":"follow","max-snippet":"max-snippet:-1","max-image-preview":"max-image-preview:large","max-video-preview":"max-video-preview:-1"},"canonical":"https:\/\/thinhvuongseafood.com\/san-pham\/ca-com-kho-cat-dau\/","og_locale":"en_US","og_type":"article","og_title":"[:vi]C\u00c1 C\u01a0M KH\u00d4 C\u1eaeT \u0110\u1ea6U[:en]DRIED BOILED ANCHOVY HEAD-ON[:] - XU\u1ea4T NH\u1eacP KH\u1ea8U AC PH\u00daC L\u1ed8C PH\u00c1T","og_description":"[:vi]  DRIED BOILED ANCHOVY HEAD-ON  C\u00e1 c\u01a1m kh\u00f4\u00a0 \/ Stolephorus Commersonnii  Size (cm\/pc): 3-5, 4-6, 5-7  S\u1ea3n xu\u1ea5t b\u1edfi: Ph\u00fac L\u1ed9c Ph\u00e1t Group [:en]  DRIED BOILED ANCHOVY HEAD-ON  C\u00e1 c\u01a1m kh\u00f4\u00a0 \/ Stolephorus Commersonnii  Size (cm\/pc): 3-5, 4-6, 5-7  Product by: Nghi Loc Seafoods [:]","og_url":"https:\/\/thinhvuongseafood.com\/san-pham\/ca-com-kho-cat-dau\/","og_site_name":"XU\u1ea4T NH\u1eacP KH\u1ea8U AC PH\u00daC L\u1ed8C PH\u00c1T","article_modified_time":"2023-05-25T03:44:19+00:00","og_image":[{"width":600,"height":450,"url":"https:\/\/thinhvuongseafood.com\/wp-content\/uploads\/2020\/01\/C\u00c1-KH\u00d4.jpg","type":"image\/jpeg"}],"twitter_card":"summary_large_image","twitter_misc":{"Est. reading time":"1 minute"},"schema":{"@context":"https:\/\/schema.org","@graph":[{"@type":"WebPage","@id":"https:\/\/thinhvuongseafood.com\/san-pham\/ca-com-kho-cat-dau\/","url":"https:\/\/thinhvuongseafood.com\/san-pham\/ca-com-kho-cat-dau\/","name":"[:vi]C\u00c1 C\u01a0M KH\u00d4 C\u1eaeT \u0110\u1ea6U[:en]DRIED BOILED ANCHOVY HEAD-ON[:] - XU\u1ea4T NH\u1eacP KH\u1ea8U AC PH\u00daC L\u1ed8C PH\u00c1T","isPartOf":{"@id":"https:\/\/thinhvuongseafood.com\/en\/#website"},"primaryImageOfPage":{"@id":"https:\/\/thinhvuongseafood.com\/san-pham\/ca-com-kho-cat-dau\/#primaryimage"},"image":{"@id":"https:\/\/thinhvuongseafood.com\/san-pham\/ca-com-kho-cat-dau\/#primaryimage"},"thumbnailUrl":"https:\/\/thinhvuongseafood.com\/wp-content\/uploads\/2020\/01\/C\u00c1-KH\u00d4.jpg","datePublished":"2020-01-08T15:53:18+00:00","dateModified":"2023-05-25T03:44:19+00:00","breadcrumb":{"@id":"https:\/\/thinhvuongseafood.com\/san-pham\/ca-com-kho-cat-dau\/#breadcrumb"},"inLanguage":"en-US","potentialAction":[{"@type":"ReadAction","target":["https:\/\/thinhvuongseafood.com\/san-pham\/ca-com-kho-cat-dau\/"]}]},{"@type":"ImageObject","inLanguage":"en-US","@id":"https:\/\/thinhvuongseafood.com\/san-pham\/ca-com-kho-cat-dau\/#primaryimage","url":"https:\/\/thinhvuongseafood.com\/wp-content\/uploads\/2020\/01\/C\u00c1-KH\u00d4.jpg","contentUrl":"https:\/\/thinhvuongseafood.com\/wp-content\/uploads\/2020\/01\/C\u00c1-KH\u00d4.jpg","width":600,"height":450,"caption":"C\u00c1 Kh\u00d4"},{"@type":"BreadcrumbList","@id":"https:\/\/thinhvuongseafood.com\/san-pham\/ca-com-kho-cat-dau\/#breadcrumb","itemListElement":[{"@type":"ListItem","position":1,"name":"Trang ch\u1ee7","item":"https:\/\/thinhvuongseafood.com\/en\/"},{"@type":"ListItem","position":2,"name":"Store","item":"https:\/\/thinhvuongseafood.com\/en\/cua-hang\/"},{"@type":"ListItem","position":3,"name":"C\u00c1 C\u01a0M KH\u00d4 C\u1eaeT \u0110\u1ea6U"}]},{"@type":"WebSite","@id":"https:\/\/thinhvuongseafood.com\/en\/#website","url":"https:\/\/thinhvuongseafood.com\/en\/","name":"XU\u1ea4T NH\u1eacP KH\u1ea8U AC PH\u00daC L\u1ed8C PH\u00c1T","description":"","potentialAction":[{"@type":"SearchAction","target":{"@type":"EntryPoint","urlTemplate":"https:\/\/thinhvuongseafood.com\/en\/?s={search_term_string}"},"query-input":"required name=search_term_string"}],"inLanguage":"en-US"}]}},"_links":{"self":[{"href":"https:\/\/thinhvuongseafood.com\/en\/wp-json\/wp\/v2\/product\/283"}],"collection":[{"href":"https:\/\/thinhvuongseafood.com\/en\/wp-json\/wp\/v2\/product"}],"about":[{"href":"https:\/\/thinhvuongseafood.com\/en\/wp-json\/wp\/v2\/types\/product"}],"wp:featuredmedia":[{"embeddable":true,"href":"https:\/\/thinhvuongseafood.com\/en\/wp-json\/wp\/v2\/media\/285"}],"wp:attachment":[{"href":"https:\/\/thinhvuongseafood.com\/en\/wp-json\/wp\/v2\/media?parent=283"}],"wp:term":[{"taxonomy":"product_cat","embeddable":true,"href":"https:\/\/thinhvuongseafood.com\/en\/wp-json\/wp\/v2\/product_cat?post=283"},{"taxonomy":"product_tag","embeddable":true,"href":"https:\/\/thinhvuongseafood.com\/en\/wp-json\/wp\/v2\/product_tag?post=283"}],"curies":[{"name":"wp","href":"https:\/\/api.w.org\/{rel}","templated":true}]}}