{"id":273,"date":"2020-01-08T21:50:51","date_gmt":"2020-01-08T14:50:51","guid":{"rendered":"http:\/\/nghilocfoods.com\/?post_type=product&#038;p=273"},"modified":"2023-05-25T10:45:22","modified_gmt":"2023-05-25T03:45:22","slug":"kho-ca-chi-vang","status":"publish","type":"product","link":"https:\/\/thinhvuongseafood.com\/en\/san-pham\/dried-yellow-stripe-trevally\/","title":{"rendered":"DRIED YELLOW STRIPE TREVALLY"},"content":{"rendered":"<p>Each lean fish and eat their meat. When eating in on your body.<\/p>\n<p>&nbsp;<\/p>\n<p><img loading=\"lazy\" decoding=\"async\" class=\"aligncenter size-full wp-image-275\" src=\"http:\/\/nghilocfoods.com\/wp-content\/uploads\/2020\/01\/DRIED-YELLOW-STRIPE-TREVALLY.jpg\" alt=\"Dried Yellow Stripe Trevally\" width=\"389\" height=\"357\" \/><\/p>\n<p>&nbsp;<\/p>\n<p>Dried yellowfish can be grilled, fried or fried in tomato sauce, garlic, chili or Japanese soy sauce. The most interesting is the grilled fish dish. Just put the red dry piece on the grill until the gold is evenly spread on both sides and the aroma emanates without being hidden. The shiny brown fish skin blistered up, the dark red flesh just saw the charcoal mark and sparkled long fat streaks.<\/p>","protected":false},"excerpt":{"rendered":"<ul>\n<li>Dried Sardine<\/li>\n<li>C\u00e1 Tr\u00edch \/ Sardinella Gibbosa<\/li>\n<li>Size (cm\/pc): 5-7; 7-9<\/li>\n<li>Product by: Nghi Loc Seafoods<\/li>\n<\/ul>\n","protected":false},"featured_media":274,"template":"","meta":[],"product_cat":[19],"product_tag":[],"yoast_head":"<!-- This site is optimized with the Yoast SEO plugin v22.5 - https:\/\/yoast.com\/wordpress\/plugins\/seo\/ -->\n<title>DRIED YELLOW STRIPE TREVALLY - XU\u1ea4T NH\u1eacP KH\u1ea8U AC PH\u00daC L\u1ed8C PH\u00c1T<\/title>\n<meta name=\"robots\" content=\"index, follow, max-snippet:-1, max-image-preview:large, max-video-preview:-1\" \/>\n<link rel=\"canonical\" href=\"https:\/\/thinhvuongseafood.com\/san-pham\/kho-ca-chi-vang\/\" \/>\n<meta property=\"og:locale\" content=\"en_US\" \/>\n<meta property=\"og:type\" content=\"article\" \/>\n<meta property=\"og:title\" content=\"[:vi]KH\u00d4 C\u00c1 CH\u1ec8 V\u00c0NG[:en]DRIED YELLOW STRIPE TREVALLY[:] - XU\u1ea4T NH\u1eacP KH\u1ea8U AC PH\u00daC L\u1ed8C PH\u00c1T\" \/>\n<meta property=\"og:description\" content=\"[:vi]  Dried Yellow Striple Travelly  C\u00e1 Ch\u1ec9 V\u00e0ng \/ Selaroides Leptolepis  Size (cm\/pc): 6-8  S\u1ea3n xu\u1ea5t b\u1edfi: Ph\u00fac L\u1ed9c Ph\u00e1t Group [:en]  Dried Sardine  C\u00e1 Tr\u00edch \/ Sardinella Gibbosa  Size (cm\/pc): 5-7; 7-9  Product by: Nghi Loc Seafoods [:]\" \/>\n<meta property=\"og:url\" content=\"https:\/\/thinhvuongseafood.com\/san-pham\/kho-ca-chi-vang\/\" \/>\n<meta property=\"og:site_name\" content=\"XU\u1ea4T NH\u1eacP KH\u1ea8U AC PH\u00daC L\u1ed8C PH\u00c1T\" \/>\n<meta property=\"article:modified_time\" content=\"2023-05-25T03:45:22+00:00\" \/>\n<meta property=\"og:image\" content=\"https:\/\/thinhvuongseafood.com\/wp-content\/uploads\/2020\/01\/KH\u00d4-C\u00c1-CH\u1ec8-V\u00c0NG.jpg\" \/>\n\t<meta property=\"og:image:width\" content=\"500\" \/>\n\t<meta property=\"og:image:height\" content=\"299\" \/>\n\t<meta property=\"og:image:type\" content=\"image\/jpeg\" \/>\n<meta name=\"twitter:card\" content=\"summary_large_image\" \/>\n<meta name=\"twitter:label1\" content=\"Est. reading time\" \/>\n\t<meta name=\"twitter:data1\" content=\"1 minute\" \/>\n<script type=\"application\/ld+json\" class=\"yoast-schema-graph\">{\"@context\":\"https:\/\/schema.org\",\"@graph\":[{\"@type\":\"WebPage\",\"@id\":\"https:\/\/thinhvuongseafood.com\/san-pham\/kho-ca-chi-vang\/\",\"url\":\"https:\/\/thinhvuongseafood.com\/san-pham\/kho-ca-chi-vang\/\",\"name\":\"[:vi]KH\u00d4 C\u00c1 CH\u1ec8 V\u00c0NG[:en]DRIED YELLOW STRIPE TREVALLY[:] - XU\u1ea4T NH\u1eacP KH\u1ea8U AC PH\u00daC L\u1ed8C PH\u00c1T\",\"isPartOf\":{\"@id\":\"https:\/\/thinhvuongseafood.com\/en\/#website\"},\"primaryImageOfPage\":{\"@id\":\"https:\/\/thinhvuongseafood.com\/san-pham\/kho-ca-chi-vang\/#primaryimage\"},\"image\":{\"@id\":\"https:\/\/thinhvuongseafood.com\/san-pham\/kho-ca-chi-vang\/#primaryimage\"},\"thumbnailUrl\":\"https:\/\/thinhvuongseafood.com\/wp-content\/uploads\/2020\/01\/KH\u00d4-C\u00c1-CH\u1ec8-V\u00c0NG.jpg\",\"datePublished\":\"2020-01-08T14:50:51+00:00\",\"dateModified\":\"2023-05-25T03:45:22+00:00\",\"breadcrumb\":{\"@id\":\"https:\/\/thinhvuongseafood.com\/san-pham\/kho-ca-chi-vang\/#breadcrumb\"},\"inLanguage\":\"en-US\",\"potentialAction\":[{\"@type\":\"ReadAction\",\"target\":[\"https:\/\/thinhvuongseafood.com\/san-pham\/kho-ca-chi-vang\/\"]}]},{\"@type\":\"ImageObject\",\"inLanguage\":\"en-US\",\"@id\":\"https:\/\/thinhvuongseafood.com\/san-pham\/kho-ca-chi-vang\/#primaryimage\",\"url\":\"https:\/\/thinhvuongseafood.com\/wp-content\/uploads\/2020\/01\/KH\u00d4-C\u00c1-CH\u1ec8-V\u00c0NG.jpg\",\"contentUrl\":\"https:\/\/thinhvuongseafood.com\/wp-content\/uploads\/2020\/01\/KH\u00d4-C\u00c1-CH\u1ec8-V\u00c0NG.jpg\",\"width\":500,\"height\":299,\"caption\":\"Kh\u00d4 C\u00c1 Ch\u1ec8 V\u00c0ng\"},{\"@type\":\"BreadcrumbList\",\"@id\":\"https:\/\/thinhvuongseafood.com\/san-pham\/kho-ca-chi-vang\/#breadcrumb\",\"itemListElement\":[{\"@type\":\"ListItem\",\"position\":1,\"name\":\"Trang ch\u1ee7\",\"item\":\"https:\/\/thinhvuongseafood.com\/en\/\"},{\"@type\":\"ListItem\",\"position\":2,\"name\":\"Store\",\"item\":\"https:\/\/thinhvuongseafood.com\/en\/cua-hang\/\"},{\"@type\":\"ListItem\",\"position\":3,\"name\":\"KH\u00d4 C\u00c1 CH\u1ec8 V\u00c0NG\"}]},{\"@type\":\"WebSite\",\"@id\":\"https:\/\/thinhvuongseafood.com\/en\/#website\",\"url\":\"https:\/\/thinhvuongseafood.com\/en\/\",\"name\":\"XU\u1ea4T NH\u1eacP KH\u1ea8U AC PH\u00daC L\u1ed8C PH\u00c1T\",\"description\":\"\",\"potentialAction\":[{\"@type\":\"SearchAction\",\"target\":{\"@type\":\"EntryPoint\",\"urlTemplate\":\"https:\/\/thinhvuongseafood.com\/en\/?s={search_term_string}\"},\"query-input\":\"required name=search_term_string\"}],\"inLanguage\":\"en-US\"}]}<\/script>\n<!-- \/ Yoast SEO plugin. -->","yoast_head_json":{"title":"[:vi]KH\u00d4 C\u00c1 CH\u1ec8 V\u00c0NG[:en]DRIED YELLOW STRIPE TREVALLY[:] - XU\u1ea4T NH\u1eacP KH\u1ea8U AC PH\u00daC L\u1ed8C PH\u00c1T","robots":{"index":"index","follow":"follow","max-snippet":"max-snippet:-1","max-image-preview":"max-image-preview:large","max-video-preview":"max-video-preview:-1"},"canonical":"https:\/\/thinhvuongseafood.com\/san-pham\/kho-ca-chi-vang\/","og_locale":"en_US","og_type":"article","og_title":"[:vi]KH\u00d4 C\u00c1 CH\u1ec8 V\u00c0NG[:en]DRIED YELLOW STRIPE TREVALLY[:] - XU\u1ea4T NH\u1eacP KH\u1ea8U AC PH\u00daC L\u1ed8C PH\u00c1T","og_description":"[:vi]  Dried Yellow Striple Travelly  C\u00e1 Ch\u1ec9 V\u00e0ng \/ Selaroides Leptolepis  Size (cm\/pc): 6-8  S\u1ea3n xu\u1ea5t b\u1edfi: Ph\u00fac L\u1ed9c Ph\u00e1t Group [:en]  Dried Sardine  C\u00e1 Tr\u00edch \/ Sardinella Gibbosa  Size (cm\/pc): 5-7; 7-9  Product by: Nghi Loc Seafoods [:]","og_url":"https:\/\/thinhvuongseafood.com\/san-pham\/kho-ca-chi-vang\/","og_site_name":"XU\u1ea4T NH\u1eacP KH\u1ea8U AC PH\u00daC L\u1ed8C PH\u00c1T","article_modified_time":"2023-05-25T03:45:22+00:00","og_image":[{"width":500,"height":299,"url":"https:\/\/thinhvuongseafood.com\/wp-content\/uploads\/2020\/01\/KH\u00d4-C\u00c1-CH\u1ec8-V\u00c0NG.jpg","type":"image\/jpeg"}],"twitter_card":"summary_large_image","twitter_misc":{"Est. reading time":"1 minute"},"schema":{"@context":"https:\/\/schema.org","@graph":[{"@type":"WebPage","@id":"https:\/\/thinhvuongseafood.com\/san-pham\/kho-ca-chi-vang\/","url":"https:\/\/thinhvuongseafood.com\/san-pham\/kho-ca-chi-vang\/","name":"[:vi]KH\u00d4 C\u00c1 CH\u1ec8 V\u00c0NG[:en]DRIED YELLOW STRIPE TREVALLY[:] - XU\u1ea4T NH\u1eacP KH\u1ea8U AC PH\u00daC L\u1ed8C PH\u00c1T","isPartOf":{"@id":"https:\/\/thinhvuongseafood.com\/en\/#website"},"primaryImageOfPage":{"@id":"https:\/\/thinhvuongseafood.com\/san-pham\/kho-ca-chi-vang\/#primaryimage"},"image":{"@id":"https:\/\/thinhvuongseafood.com\/san-pham\/kho-ca-chi-vang\/#primaryimage"},"thumbnailUrl":"https:\/\/thinhvuongseafood.com\/wp-content\/uploads\/2020\/01\/KH\u00d4-C\u00c1-CH\u1ec8-V\u00c0NG.jpg","datePublished":"2020-01-08T14:50:51+00:00","dateModified":"2023-05-25T03:45:22+00:00","breadcrumb":{"@id":"https:\/\/thinhvuongseafood.com\/san-pham\/kho-ca-chi-vang\/#breadcrumb"},"inLanguage":"en-US","potentialAction":[{"@type":"ReadAction","target":["https:\/\/thinhvuongseafood.com\/san-pham\/kho-ca-chi-vang\/"]}]},{"@type":"ImageObject","inLanguage":"en-US","@id":"https:\/\/thinhvuongseafood.com\/san-pham\/kho-ca-chi-vang\/#primaryimage","url":"https:\/\/thinhvuongseafood.com\/wp-content\/uploads\/2020\/01\/KH\u00d4-C\u00c1-CH\u1ec8-V\u00c0NG.jpg","contentUrl":"https:\/\/thinhvuongseafood.com\/wp-content\/uploads\/2020\/01\/KH\u00d4-C\u00c1-CH\u1ec8-V\u00c0NG.jpg","width":500,"height":299,"caption":"Kh\u00d4 C\u00c1 Ch\u1ec8 V\u00c0ng"},{"@type":"BreadcrumbList","@id":"https:\/\/thinhvuongseafood.com\/san-pham\/kho-ca-chi-vang\/#breadcrumb","itemListElement":[{"@type":"ListItem","position":1,"name":"Trang ch\u1ee7","item":"https:\/\/thinhvuongseafood.com\/en\/"},{"@type":"ListItem","position":2,"name":"Store","item":"https:\/\/thinhvuongseafood.com\/en\/cua-hang\/"},{"@type":"ListItem","position":3,"name":"KH\u00d4 C\u00c1 CH\u1ec8 V\u00c0NG"}]},{"@type":"WebSite","@id":"https:\/\/thinhvuongseafood.com\/en\/#website","url":"https:\/\/thinhvuongseafood.com\/en\/","name":"XU\u1ea4T NH\u1eacP KH\u1ea8U AC PH\u00daC L\u1ed8C PH\u00c1T","description":"","potentialAction":[{"@type":"SearchAction","target":{"@type":"EntryPoint","urlTemplate":"https:\/\/thinhvuongseafood.com\/en\/?s={search_term_string}"},"query-input":"required name=search_term_string"}],"inLanguage":"en-US"}]}},"_links":{"self":[{"href":"https:\/\/thinhvuongseafood.com\/en\/wp-json\/wp\/v2\/product\/273"}],"collection":[{"href":"https:\/\/thinhvuongseafood.com\/en\/wp-json\/wp\/v2\/product"}],"about":[{"href":"https:\/\/thinhvuongseafood.com\/en\/wp-json\/wp\/v2\/types\/product"}],"wp:featuredmedia":[{"embeddable":true,"href":"https:\/\/thinhvuongseafood.com\/en\/wp-json\/wp\/v2\/media\/274"}],"wp:attachment":[{"href":"https:\/\/thinhvuongseafood.com\/en\/wp-json\/wp\/v2\/media?parent=273"}],"wp:term":[{"taxonomy":"product_cat","embeddable":true,"href":"https:\/\/thinhvuongseafood.com\/en\/wp-json\/wp\/v2\/product_cat?post=273"},{"taxonomy":"product_tag","embeddable":true,"href":"https:\/\/thinhvuongseafood.com\/en\/wp-json\/wp\/v2\/product_tag?post=273"}],"curies":[{"name":"wp","href":"https:\/\/api.w.org\/{rel}","templated":true}]}}