{"id":267,"date":"2020-01-07T11:14:42","date_gmt":"2020-01-07T04:14:42","guid":{"rendered":"http:\/\/nghilocfoods.com\/?post_type=product&#038;p=267"},"modified":"2023-05-25T10:45:50","modified_gmt":"2023-05-25T03:45:50","slug":"kho-ca-trich","status":"publish","type":"product","link":"https:\/\/thinhvuongseafood.com\/en\/san-pham\/drie-sardine\/","title":{"rendered":"DRIE SARDINE"},"content":{"rendered":"<p><span style=\"font-family: arial, helvetica, sans-serif;\">Herring is less fishy, \u200b\u200beat very well, white meat, low fat and is one of the easiest fish to catch. Essential substances play an important role in brain development and brain health. Omega-3 helps regulate blood pressure. Omega-3 provides positive protection for cardiovascular patients.<\/span><\/p>\n<p>&nbsp;<\/p>\n<p><span style=\"font-family: arial, helvetica, sans-serif;\"><img loading=\"lazy\" decoding=\"async\" class=\"aligncenter size-full wp-image-268\" src=\"http:\/\/nghilocfoods.com\/wp-content\/uploads\/2020\/01\/kh\u00f4-c\u00e1-tr\u00edch.jpg\" alt=\"Kh\u00f4 C\u00e1 Tr\u00edch\" width=\"500\" height=\"379\" \/><\/span><\/p>\n<p>&nbsp;<\/p>\n<p id=\"tw-target-text\" class=\"tw-data-text tw-text-large tw-ta\" dir=\"ltr\" data-placeholder=\"B\u1ea3n d\u1ecbch\"><span lang=\"en\" style=\"font-family: arial, helvetica, sans-serif;\" tabindex=\"0\">Herring is an excellent source of fish oil, especially rich in Omega-3 fatty acids. In addition, herring also provides vitamin D very good for the body. Therefore, herring is one of the types of fish that nutrition experts recommend.<\/span><\/p>\n<p><\/p>","protected":false},"excerpt":{"rendered":"<ul>\n<li>Dried Sardine<\/li>\n<li>C\u00e1 Tr\u00edch \/ Sardinella Gibbosa<\/li>\n<li>Size (cm\/pc): 5-7; 7-9<\/li>\n<li>Product by: Nghi Loc Seafoods<\/li>\n<\/ul>\n","protected":false},"featured_media":269,"template":"","meta":[],"product_cat":[19],"product_tag":[],"yoast_head":"<!-- This site is optimized with the Yoast SEO plugin v22.5 - https:\/\/yoast.com\/wordpress\/plugins\/seo\/ -->\n<title>DRIE SARDINE - XU\u1ea4T NH\u1eacP KH\u1ea8U AC PH\u00daC L\u1ed8C PH\u00c1T<\/title>\n<meta name=\"robots\" content=\"index, follow, max-snippet:-1, max-image-preview:large, max-video-preview:-1\" \/>\n<link rel=\"canonical\" href=\"https:\/\/thinhvuongseafood.com\/san-pham\/kho-ca-trich\/\" \/>\n<meta property=\"og:locale\" content=\"en_US\" \/>\n<meta property=\"og:type\" content=\"article\" \/>\n<meta property=\"og:title\" content=\"[:vi]KH\u00d4 C\u00c1 TR\u00cdCH[:en]DRIE SARDINE[:] - XU\u1ea4T NH\u1eacP KH\u1ea8U AC PH\u00daC L\u1ed8C PH\u00c1T\" \/>\n<meta property=\"og:description\" content=\"[:vi]  Dried Sardine  C\u00e1 Tr\u00edch \/ Sardinella Gibbosa  Size (cm\/pc): 5-7; 7-9  S\u1ea3n xu\u1ea5t b\u1edfi: Ph\u00fac L\u1ed9c Ph\u00e1t Group [:en]  Dried Sardine  C\u00e1 Tr\u00edch \/ Sardinella Gibbosa  Size (cm\/pc): 5-7; 7-9  Product by: Nghi Loc Seafoods [:]\" \/>\n<meta property=\"og:url\" content=\"https:\/\/thinhvuongseafood.com\/san-pham\/kho-ca-trich\/\" \/>\n<meta property=\"og:site_name\" content=\"XU\u1ea4T NH\u1eacP KH\u1ea8U AC PH\u00daC L\u1ed8C PH\u00c1T\" \/>\n<meta property=\"article:modified_time\" content=\"2023-05-25T03:45:50+00:00\" \/>\n<meta property=\"og:image\" content=\"https:\/\/thinhvuongseafood.com\/wp-content\/uploads\/2020\/01\/kh\u00f4-c\u00e1-TR\u00cdCH.jpg\" \/>\n\t<meta property=\"og:image:width\" content=\"500\" \/>\n\t<meta property=\"og:image:height\" content=\"379\" \/>\n\t<meta property=\"og:image:type\" content=\"image\/jpeg\" \/>\n<meta name=\"twitter:card\" content=\"summary_large_image\" \/>\n<meta name=\"twitter:label1\" content=\"Est. reading time\" \/>\n\t<meta name=\"twitter:data1\" content=\"2 minutes\" \/>\n<script type=\"application\/ld+json\" class=\"yoast-schema-graph\">{\"@context\":\"https:\/\/schema.org\",\"@graph\":[{\"@type\":\"WebPage\",\"@id\":\"https:\/\/thinhvuongseafood.com\/san-pham\/kho-ca-trich\/\",\"url\":\"https:\/\/thinhvuongseafood.com\/san-pham\/kho-ca-trich\/\",\"name\":\"[:vi]KH\u00d4 C\u00c1 TR\u00cdCH[:en]DRIE SARDINE[:] - XU\u1ea4T NH\u1eacP KH\u1ea8U AC PH\u00daC L\u1ed8C PH\u00c1T\",\"isPartOf\":{\"@id\":\"https:\/\/thinhvuongseafood.com\/en\/#website\"},\"primaryImageOfPage\":{\"@id\":\"https:\/\/thinhvuongseafood.com\/san-pham\/kho-ca-trich\/#primaryimage\"},\"image\":{\"@id\":\"https:\/\/thinhvuongseafood.com\/san-pham\/kho-ca-trich\/#primaryimage\"},\"thumbnailUrl\":\"https:\/\/thinhvuongseafood.com\/wp-content\/uploads\/2020\/01\/kh\u00f4-c\u00e1-TR\u00cdCH.jpg\",\"datePublished\":\"2020-01-07T04:14:42+00:00\",\"dateModified\":\"2023-05-25T03:45:50+00:00\",\"breadcrumb\":{\"@id\":\"https:\/\/thinhvuongseafood.com\/san-pham\/kho-ca-trich\/#breadcrumb\"},\"inLanguage\":\"en-US\",\"potentialAction\":[{\"@type\":\"ReadAction\",\"target\":[\"https:\/\/thinhvuongseafood.com\/san-pham\/kho-ca-trich\/\"]}]},{\"@type\":\"ImageObject\",\"inLanguage\":\"en-US\",\"@id\":\"https:\/\/thinhvuongseafood.com\/san-pham\/kho-ca-trich\/#primaryimage\",\"url\":\"https:\/\/thinhvuongseafood.com\/wp-content\/uploads\/2020\/01\/kh\u00f4-c\u00e1-TR\u00cdCH.jpg\",\"contentUrl\":\"https:\/\/thinhvuongseafood.com\/wp-content\/uploads\/2020\/01\/kh\u00f4-c\u00e1-TR\u00cdCH.jpg\",\"width\":500,\"height\":379,\"caption\":\"Kh\u00f4 C\u00e1 Tr\u00cdch\"},{\"@type\":\"BreadcrumbList\",\"@id\":\"https:\/\/thinhvuongseafood.com\/san-pham\/kho-ca-trich\/#breadcrumb\",\"itemListElement\":[{\"@type\":\"ListItem\",\"position\":1,\"name\":\"Trang ch\u1ee7\",\"item\":\"https:\/\/thinhvuongseafood.com\/en\/\"},{\"@type\":\"ListItem\",\"position\":2,\"name\":\"Store\",\"item\":\"https:\/\/thinhvuongseafood.com\/en\/cua-hang\/\"},{\"@type\":\"ListItem\",\"position\":3,\"name\":\"KH\u00d4 C\u00c1 TR\u00cdCH\"}]},{\"@type\":\"WebSite\",\"@id\":\"https:\/\/thinhvuongseafood.com\/en\/#website\",\"url\":\"https:\/\/thinhvuongseafood.com\/en\/\",\"name\":\"XU\u1ea4T NH\u1eacP KH\u1ea8U AC PH\u00daC L\u1ed8C PH\u00c1T\",\"description\":\"\",\"potentialAction\":[{\"@type\":\"SearchAction\",\"target\":{\"@type\":\"EntryPoint\",\"urlTemplate\":\"https:\/\/thinhvuongseafood.com\/en\/?s={search_term_string}\"},\"query-input\":\"required name=search_term_string\"}],\"inLanguage\":\"en-US\"}]}<\/script>\n<!-- \/ Yoast SEO plugin. -->","yoast_head_json":{"title":"[:vi]KH\u00d4 C\u00c1 TR\u00cdCH[:en]DRIE SARDINE[:] - XU\u1ea4T NH\u1eacP KH\u1ea8U AC PH\u00daC L\u1ed8C PH\u00c1T","robots":{"index":"index","follow":"follow","max-snippet":"max-snippet:-1","max-image-preview":"max-image-preview:large","max-video-preview":"max-video-preview:-1"},"canonical":"https:\/\/thinhvuongseafood.com\/san-pham\/kho-ca-trich\/","og_locale":"en_US","og_type":"article","og_title":"[:vi]KH\u00d4 C\u00c1 TR\u00cdCH[:en]DRIE SARDINE[:] - XU\u1ea4T NH\u1eacP KH\u1ea8U AC PH\u00daC L\u1ed8C PH\u00c1T","og_description":"[:vi]  Dried Sardine  C\u00e1 Tr\u00edch \/ Sardinella Gibbosa  Size (cm\/pc): 5-7; 7-9  S\u1ea3n xu\u1ea5t b\u1edfi: Ph\u00fac L\u1ed9c Ph\u00e1t Group [:en]  Dried Sardine  C\u00e1 Tr\u00edch \/ Sardinella Gibbosa  Size (cm\/pc): 5-7; 7-9  Product by: Nghi Loc Seafoods [:]","og_url":"https:\/\/thinhvuongseafood.com\/san-pham\/kho-ca-trich\/","og_site_name":"XU\u1ea4T NH\u1eacP KH\u1ea8U AC PH\u00daC L\u1ed8C PH\u00c1T","article_modified_time":"2023-05-25T03:45:50+00:00","og_image":[{"width":500,"height":379,"url":"https:\/\/thinhvuongseafood.com\/wp-content\/uploads\/2020\/01\/kh\u00f4-c\u00e1-TR\u00cdCH.jpg","type":"image\/jpeg"}],"twitter_card":"summary_large_image","twitter_misc":{"Est. reading time":"2 minutes"},"schema":{"@context":"https:\/\/schema.org","@graph":[{"@type":"WebPage","@id":"https:\/\/thinhvuongseafood.com\/san-pham\/kho-ca-trich\/","url":"https:\/\/thinhvuongseafood.com\/san-pham\/kho-ca-trich\/","name":"[:vi]KH\u00d4 C\u00c1 TR\u00cdCH[:en]DRIE SARDINE[:] - XU\u1ea4T NH\u1eacP KH\u1ea8U AC PH\u00daC L\u1ed8C PH\u00c1T","isPartOf":{"@id":"https:\/\/thinhvuongseafood.com\/en\/#website"},"primaryImageOfPage":{"@id":"https:\/\/thinhvuongseafood.com\/san-pham\/kho-ca-trich\/#primaryimage"},"image":{"@id":"https:\/\/thinhvuongseafood.com\/san-pham\/kho-ca-trich\/#primaryimage"},"thumbnailUrl":"https:\/\/thinhvuongseafood.com\/wp-content\/uploads\/2020\/01\/kh\u00f4-c\u00e1-TR\u00cdCH.jpg","datePublished":"2020-01-07T04:14:42+00:00","dateModified":"2023-05-25T03:45:50+00:00","breadcrumb":{"@id":"https:\/\/thinhvuongseafood.com\/san-pham\/kho-ca-trich\/#breadcrumb"},"inLanguage":"en-US","potentialAction":[{"@type":"ReadAction","target":["https:\/\/thinhvuongseafood.com\/san-pham\/kho-ca-trich\/"]}]},{"@type":"ImageObject","inLanguage":"en-US","@id":"https:\/\/thinhvuongseafood.com\/san-pham\/kho-ca-trich\/#primaryimage","url":"https:\/\/thinhvuongseafood.com\/wp-content\/uploads\/2020\/01\/kh\u00f4-c\u00e1-TR\u00cdCH.jpg","contentUrl":"https:\/\/thinhvuongseafood.com\/wp-content\/uploads\/2020\/01\/kh\u00f4-c\u00e1-TR\u00cdCH.jpg","width":500,"height":379,"caption":"Kh\u00f4 C\u00e1 Tr\u00cdch"},{"@type":"BreadcrumbList","@id":"https:\/\/thinhvuongseafood.com\/san-pham\/kho-ca-trich\/#breadcrumb","itemListElement":[{"@type":"ListItem","position":1,"name":"Trang ch\u1ee7","item":"https:\/\/thinhvuongseafood.com\/en\/"},{"@type":"ListItem","position":2,"name":"Store","item":"https:\/\/thinhvuongseafood.com\/en\/cua-hang\/"},{"@type":"ListItem","position":3,"name":"KH\u00d4 C\u00c1 TR\u00cdCH"}]},{"@type":"WebSite","@id":"https:\/\/thinhvuongseafood.com\/en\/#website","url":"https:\/\/thinhvuongseafood.com\/en\/","name":"XU\u1ea4T NH\u1eacP KH\u1ea8U AC PH\u00daC L\u1ed8C PH\u00c1T","description":"","potentialAction":[{"@type":"SearchAction","target":{"@type":"EntryPoint","urlTemplate":"https:\/\/thinhvuongseafood.com\/en\/?s={search_term_string}"},"query-input":"required name=search_term_string"}],"inLanguage":"en-US"}]}},"_links":{"self":[{"href":"https:\/\/thinhvuongseafood.com\/en\/wp-json\/wp\/v2\/product\/267"}],"collection":[{"href":"https:\/\/thinhvuongseafood.com\/en\/wp-json\/wp\/v2\/product"}],"about":[{"href":"https:\/\/thinhvuongseafood.com\/en\/wp-json\/wp\/v2\/types\/product"}],"wp:featuredmedia":[{"embeddable":true,"href":"https:\/\/thinhvuongseafood.com\/en\/wp-json\/wp\/v2\/media\/269"}],"wp:attachment":[{"href":"https:\/\/thinhvuongseafood.com\/en\/wp-json\/wp\/v2\/media?parent=267"}],"wp:term":[{"taxonomy":"product_cat","embeddable":true,"href":"https:\/\/thinhvuongseafood.com\/en\/wp-json\/wp\/v2\/product_cat?post=267"},{"taxonomy":"product_tag","embeddable":true,"href":"https:\/\/thinhvuongseafood.com\/en\/wp-json\/wp\/v2\/product_tag?post=267"}],"curies":[{"name":"wp","href":"https:\/\/api.w.org\/{rel}","templated":true}]}}